{"id":6462,"date":"2014-11-11T11:09:47","date_gmt":"2014-11-11T11:09:47","guid":{"rendered":"https:\/\/zamilsteel.com.vn\/fr\/home\/"},"modified":"2020-10-12T01:44:44","modified_gmt":"2020-10-12T01:44:44","slug":"home-2","status":"publish","type":"page","link":"https:\/\/www.zamilsteel.com.vn\/fr\/","title":{"rendered":"Home"},"content":{"rendered":"<p>[vc_row has_content=\u00a0\u00bbtrue\u00a0\u00bb el_class=\u00a0\u00bbslide-revo\u00a0\u00bb][vc_column][vc_column_text]<script type=\"text\/javascript\">\r\ndocument.addEventListener(\"DOMContentLoaded\", function(event) { \r\n\tjQuery( '#slider-pro-3-14664' ).sliderPro({\r\n\t\t\/\/width\r\n\t\t\t\tforceSize: 'fullWidth',\r\n\t\t\t\t\r\n\t\t\/\/height\r\n\t\t\t\tautoHeight: true,\r\n\t\t\t\t\r\n\t\t\/\/auto play\r\n\t\t\t\tautoplay:  true,\r\n\t\tautoplayOnHover: 'none',\r\n\t\t\t\t\t\t\t\tautoplayDelay: 17000,\r\n\t\t\r\n\t\t\r\n\t\tarrows: false,\r\n\t\tbuttons: false,\r\n\t\tsmallSize: 500,\r\n\t\tmediumSize: 1000,\r\n\t\tlargeSize: 3000,\r\n\t\tfade: true,\r\n\t\t\r\n\t\t\/\/thumbnail\r\n\t\tthumbnailArrows: true,\r\n\t\tthumbnailWidth: 120,\r\n\t\tthumbnailHeight: 120,\r\n\t\t\t\t\t\t\t\tthumbnailPointer: true, \r\n\t\t\t\tcenterImage: true,\r\n\t\timageScaleMode: 'cover',\r\n\t\tallowScaleUp: true,\r\n\t\t\t\tstartSlide: 0,\r\n\t\tloop: true,\r\n\t\tslideDistance: 5,\r\n\t\tautoplayDirection: 'normal',\r\n\t\ttouchSwipe: true,\r\n\t\tfullScreen: false,\r\n\t});\r\n});\r\n<\/script>\r\n<style>\r\n\/* Layout 3 *\/\r\n\/* border *\/\r\n\r\n\/* font + color *\/\r\n.title-in  {\r\n\tfont-family: Arial !important;\r\n\tcolor: #FFFFFF !important;\r\n\tbackground-color: #000000 !important;\r\n\topacity: 0.7 !important;\r\n}\r\n.desc-in  {\r\n\tfont-family: Arial !important;\r\n\tcolor: #FFFFFF !important;\r\n\tbackground-color: #00000 !important;\r\n\topacity: 0.7 !important;\r\n}\r\n\r\n\/* bullets color *\/\r\n.sp-button  {\r\n\tborder: 2px solid #000000 !important;\r\n}\r\n.sp-selected-button  {\r\n\tbackground-color: #000000 !important;\r\n}\r\n\r\n\/* pointer color - bottom *\/\r\n\r\n\/* pointer color - top *\/\r\n\r\n\/* full screen icon *\/\r\n.sp-full-screen-button::before {\r\n    color: #FFFFFF !important;\r\n}\r\n\r\n\/* hover navigation icon color *\/\r\n.sp-next-arrow::after, .sp-next-arrow::before {\r\n\tbackground-color: #FFFFFF !important;\r\n}\r\n.sp-previous-arrow::after, .sp-previous-arrow::before {\r\n\tbackground-color: #FFFFFF !important;\r\n}\r\n\r\n#slider-pro-3-14664 .title-in {\r\n\tcolor: #FFFFFF !important;\r\n\tfont-weight: bolder;\r\n\ttext-align: center;\r\n}\r\n\r\n#slider-pro-3-14664 .title-in-bg {\r\n\tbackground: rgba(255, 255, 255, 0.7); !important;\r\n\twhite-space: unset !important;\r\n\tmax-width: 90%;\r\n\tmin-width: 40%;\r\n\ttransform: initial !important;\r\n\t-webkit-transform: initial !important;\r\n\tfont-size: 14px !important;\r\n}\r\n\r\n#slider-pro-3-14664 .desc-in {\r\n\tcolor: #FFFFFF !important;\r\n\ttext-align: center;\r\n}\r\n#slider-pro-3-14664 .desc-in-bg {\r\n\tbackground: rgba(#00000, 0.7) !important;\r\n\twhite-space: unset !important;\r\n\twidth: 80% !important;\r\n\tmin-width: 30%;\r\n\ttransform: initial !important;\r\n\t-webkit-transform: initial !important;\r\n\tfont-size: 13px !important;\r\n}\r\n\r\n@media (max-width: 640px) {\r\n\t#slider-pro-3-14664 .hide-small-screen {\r\n\t\tdisplay: none;\r\n\t}\r\n}\r\n\r\n@media (max-width: 860px) {\r\n\t#slider-pro-3-14664 .sp-layer {\r\n\t\tfont-size: 18px;\r\n\t}\r\n\t\r\n\t#slider-pro-3-14664 .hide-medium-screen {\r\n\t\tdisplay: none;\r\n\t}\r\n}\r\n.slides-not-found {\r\n\tbackground-color: #a92929;\r\n\tborder-radius: 5px;\r\n\tcolor: #fff;\r\n\tfont-family: initial;\r\n\ttext-align: center;\r\n\tpadding:12px;\r\n}\r\n\/* Custom CSS *\/\r\n<\/style>\r\n\t\t<div id=\"slider-pro-3-14664\" class=\"slider-pro\">\r\n\t\t\t<!---- slides div start ---->\r\n\t\t\t<div class=\"sp-slides\">\r\n\t\t\t\t\t\t\t\t\t\t<div class=\"sp-slide\">\r\n\t\t\t\t\t\t\t<img decoding=\"async\" class=\"sp-image\" loading=\"lazy\" alt=\"Untitled-1\" src=\"https:\/\/www.zamilsteel.com.vn\/wp-content\/plugins\/ultimate-responsive-image-slider\/assets\/css\/images\/blank.gif\" data-src=\"https:\/\/www.zamilsteel.com.vn\/wp-content\/uploads\/2020\/06\/Untitled-1.jpg\" \/>\r\n\r\n\t\t\t\t\t\t\t\r\n\t\t\t\t\t\t\t\t\t\t\t\t\t<\/div>\r\n\t\t\t\t\t\t\t\t\t\t\t\t<div class=\"sp-slide\">\r\n\t\t\t\t\t\t\t<img decoding=\"async\" class=\"sp-image\" loading=\"lazy\" alt=\"z-5-1920-738\" src=\"https:\/\/www.zamilsteel.com.vn\/wp-content\/plugins\/ultimate-responsive-image-slider\/assets\/css\/images\/blank.gif\" data-src=\"https:\/\/www.zamilsteel.com.vn\/wp-content\/uploads\/2020\/06\/z-5-1920-738.jpg\" \/>\r\n\r\n\t\t\t\t\t\t\t\r\n\t\t\t\t\t\t\t\t\t\t\t\t\t<\/div>\r\n\t\t\t\t\t\t\t\t\t\t\t\t<div class=\"sp-slide\">\r\n\t\t\t\t\t\t\t<img decoding=\"async\" class=\"sp-image\" loading=\"lazy\" alt=\"z-6-1920-738\" src=\"https:\/\/www.zamilsteel.com.vn\/wp-content\/plugins\/ultimate-responsive-image-slider\/assets\/css\/images\/blank.gif\" data-src=\"https:\/\/www.zamilsteel.com.vn\/wp-content\/uploads\/2020\/06\/z-6-1920-738.jpg\" \/>\r\n\r\n\t\t\t\t\t\t\t\r\n\t\t\t\t\t\t\t\t\t\t\t\t\t<\/div>\r\n\t\t\t\t\t\t\t\t\t\t\t\t<div class=\"sp-slide\">\r\n\t\t\t\t\t\t\t<img decoding=\"async\" class=\"sp-image\" loading=\"lazy\" alt=\"z-7-1920-738\" src=\"https:\/\/www.zamilsteel.com.vn\/wp-content\/plugins\/ultimate-responsive-image-slider\/assets\/css\/images\/blank.gif\" data-src=\"https:\/\/www.zamilsteel.com.vn\/wp-content\/uploads\/2020\/06\/z-7-1920-738-1.jpg\" \/>\r\n\r\n\t\t\t\t\t\t\t\r\n\t\t\t\t\t\t\t\t\t\t\t\t\t<\/div>\r\n\t\t\t\t\t\t\t\t\t\t\t\t<div class=\"sp-slide\">\r\n\t\t\t\t\t\t\t<img decoding=\"async\" class=\"sp-image\" loading=\"lazy\" alt=\"\" src=\"https:\/\/www.zamilsteel.com.vn\/wp-content\/plugins\/ultimate-responsive-image-slider\/assets\/css\/images\/blank.gif\" data-src=\"https:\/\/www.zamilsteel.com.vn\/wp-content\/uploads\/2020\/06\/z-1-1920-738.jpg\" \/>\r\n\r\n\t\t\t\t\t\t\t\r\n\t\t\t\t\t\t\t\t\t\t\t\t\t<\/div>\r\n\t\t\t\t\t\t\t\t\t\t\t\t<div class=\"sp-slide\">\r\n\t\t\t\t\t\t\t<img decoding=\"async\" class=\"sp-image\" loading=\"lazy\" alt=\"\" src=\"https:\/\/www.zamilsteel.com.vn\/wp-content\/plugins\/ultimate-responsive-image-slider\/assets\/css\/images\/blank.gif\" data-src=\"https:\/\/www.zamilsteel.com.vn\/wp-content\/uploads\/2020\/06\/z-2-1920-738.jpg\" \/>\r\n\r\n\t\t\t\t\t\t\t\r\n\t\t\t\t\t\t\t\t\t\t\t\t\t<\/div>\r\n\t\t\t\t\t\t\t\t\t<\/div>\r\n\t\t\t\r\n\t\t\t<!---- slides div end ---->\r\n\t\t\t\t\t\t<!-- slides thumbnails div end -->\r\n\t\t<\/div>\r\n[\/vc_column_text][\/vc_column][\/vc_row][vc_row full_width=\u00a0\u00bbstretch_row\u00a0\u00bb css=\u00a0\u00bb.vc_custom_1466758072288{margin-top: 0px !important;padding-top: 30px !important;padding-bottom: 30px !important;background-color: #ffffff !important;}\u00a0\u00bb has_content=\u00a0\u00bbinside\u00a0\u00bb el_class=\u00a0\u00bbcarousel carousel-home\u00a0\u00bb][vc_column]<div class='container'><div class='row owly'><div class='col-md-6 col-xs-6'><h2 style='color:#333333;'>Nos Produits<\/h2><\/div><div class='col-xs-6 col-md-6 align-right'><a class='owlprev' style='background:#0f0f0f;'><i class='fa fa-chevron-left' style='color:#c1c1c1;'><\/i><\/a><a class='owlnext' style='background:#0f0f0f;'><i class='fa fa-chevron-right' style='color:#c1c1c1;'><\/i><\/a><\/div><\/div><\/div><ul class='owl-carousel recentportfolio clearfix' data-col=3><li class='item item-type-line'><div class='mask'><\/div><div class='item-info'><div class='headline'><h3><a class='' href=https:\/\/www.zamilsteel.com.vn\/fr\/portfolio\/batiment-prefabriques\/>B\u00c2TIMENTS PR\u00c9FABRIQU\u00c9S CLOS COUVERTS \u00c0 OSSATURE M\u00c9TALLIQUE<\/a><\/h3><p class='item-summary'>Un syst\u00e8me de construction modulable qui convient \u00e0 des utilisations vari\u00e9es\n<\/p><a class='btn btn-sm' href=https:\/\/www.zamilsteel.com.vn\/fr\/portfolio\/batiment-prefabriques\/>Read more<\/a><\/div><\/div><div class='item-img'><img loading=\"lazy\" decoding=\"async\" width=\"360\" height=\"267\" src=\"https:\/\/www.zamilsteel.com.vn\/wp-content\/uploads\/2016\/10\/PRE-ENGINEERED-BUILDINGS-360x267.jpg\" class=\"attachment-post-thumb size-post-thumb wp-post-image\" alt=\"PEB-PRE-ENGINEERED BUILDINGS\" \/><\/div><\/li><li class='item item-type-line'><div class='mask'><\/div><div class='item-info'><div class='headline'><h3><a class='' href=https:\/\/www.zamilsteel.com.vn\/fr\/portfolio\/charpentes-metalliques\/>CHARPENTES M\u00c9TALLIQUES<\/a><\/h3><p class='item-summary'>Un investissement \u00e0 faible risque et \u00e0 l'\u00e9preuve du temps pour des solutions de construction durables\n<\/p><a class='btn btn-sm' href=https:\/\/www.zamilsteel.com.vn\/fr\/portfolio\/charpentes-metalliques\/>Read more<\/a><\/div><\/div><div class='item-img'><img loading=\"lazy\" decoding=\"async\" width=\"360\" height=\"267\" src=\"https:\/\/www.zamilsteel.com.vn\/wp-content\/uploads\/2016\/09\/SS-360x267.jpg\" class=\"attachment-post-thumb size-post-thumb wp-post-image\" alt=\"Structural Steel (SS)\" \/><\/div><\/li><li class='item item-type-line'><div class='mask'><\/div><div class='item-info'><div class='headline'><h3><a class='' href=https:\/\/www.zamilsteel.com.vn\/fr\/portfolio\/le-systeme-de-toiture-maxseam\/>Le syst\u00e8me de toiture MaxSEAM\u00ae<\/a><\/h3><p class='item-summary'>Le plus r\u00e9sistant et le plus \u00e9tanche des syst\u00e8mes de toiture \u00e0 joint debout\n<\/p><a class='btn btn-sm' href=https:\/\/www.zamilsteel.com.vn\/fr\/portfolio\/le-systeme-de-toiture-maxseam\/>Read more<\/a><\/div><\/div><div class='item-img'><img loading=\"lazy\" decoding=\"async\" width=\"360\" height=\"267\" src=\"https:\/\/www.zamilsteel.com.vn\/wp-content\/uploads\/2016\/08\/MaxSEAM-360x267.jpg\" class=\"attachment-post-thumb size-post-thumb wp-post-image\" alt=\"MaxSEAM\u00ae Roof System\" \/><\/div><\/li><li class='item item-type-line'><div class='mask'><\/div><div class='item-info'><div class='headline'><h3><a class='' href=https:\/\/www.zamilsteel.com.vn\/fr\/portfolio\/composants-accessoires-du-batiment\/>Composants &#038; Accessoires du b\u00e2timent<\/a><\/h3><p class='item-summary'>\u00c9ventail d\u2019accessoires disponibles\n<\/p><a class='btn btn-sm' href=https:\/\/www.zamilsteel.com.vn\/fr\/portfolio\/composants-accessoires-du-batiment\/>Read more<\/a><\/div><\/div><div class='item-img'><img loading=\"lazy\" decoding=\"async\" width=\"360\" height=\"267\" src=\"https:\/\/www.zamilsteel.com.vn\/wp-content\/uploads\/2016\/07\/Building-Components-360x267.jpg\" class=\"attachment-post-thumb size-post-thumb wp-post-image\" alt=\"\" \/><\/div><\/li><\/ul>[\/vc_column][\/vc_row][vc_row full_width=\u00a0\u00bbstretch_row\u00a0\u00bb css=\u00a0\u00bb.vc_custom_1468297557743{padding-top: 30px !important;padding-bottom: 30px !important;background-image: url(\/wp-content\/uploads\/2016\/07\/bg-recent-news.png?id=1427) !important;}\u00a0\u00bb has_content=\u00a0\u00bbtrue\u00a0\u00bb][vc_column width=\u00a0\u00bb7\/12&Prime; el_class=\u00a0\u00bbrecent-news\u00a0\u00bb]        <div class=\"vc-recent-news\">\n            <h1 class=\"my-custom-title vc-recent-news-title\">Communiqu\u00e9s de presse<\/h1>\n                        <ul class=\"vc-recent-news-list-news\">\n                                    <li>\n                        <div class=\"img-container left\">\n                            <a href=\"https:\/\/www.zamilsteel.com.vn\/fr\/prix-dragon-dor-2023-2024\/\" title=\"PRIX DRAGON D&rsquo;OR 2023-2024\">\n                                <div class=\"overlay\"><\/div>\n                                <img decoding=\"async\" class=\"size-full\" src=\"https:\/\/www.zamilsteel.com.vn\/wp-content\/uploads\/2024\/04\/z5336439162950_43275dc262e41122f975876bae2f66e5-1-700x700.jpg\" alt=\"PRIX DRAGON D&rsquo;OR 2023-2024\">\n                            <\/a>\n                        <\/div>\n                        <div class=\"info\">\n                            <h2><a href=\"https:\/\/www.zamilsteel.com.vn\/fr\/prix-dragon-dor-2023-2024\/\" title=\"PRIX DRAGON D&rsquo;OR 2023-2024\">PRIX DRAGON D&rsquo;OR 2023-2024<\/a><\/h2>\n                            <span class=\"vc-recent-news-date\">|\n                                juillet 16, 2024                            <\/span>\n                            <p class=\"vc-recent-news-excerpt\">\n                                Hai Phong, 10 avril, Zamil Steel Buildings Vietnam a \u00e9t\u00e9 reconnu comme l&rsquo;un des laur\u00e9ats des prestigieux Golden Dragon Awards 2023-2024. Les repr\u00e9sentants de Zamil Steel Buildings Vietnam ont re\u00e7u le prix lors de la c\u00e9r\u00e9monie du Golden Dragon Award...                            <\/p>\n                            <!--<p style=\"text-align: right\">\n                                <a class=\"vc-recent-news-read-more\" href=\"\"><\/a>\n                            <\/p>-->\n                        <\/div>\n\n                    <\/li>\n                                    <li>\n                        <div class=\"img-container left\">\n                            <a href=\"https:\/\/www.zamilsteel.com.vn\/fr\/zamil-steel-voyage-de-charite-vers-son-la\/\" title=\"Vietnam &#8211; RSO | Voyage de charit\u00e9 vers Suoi Lenh, Bac Yen, Son La, Vietnam\">\n                                <div class=\"overlay\"><\/div>\n                                <img decoding=\"async\" class=\"size-full\" src=\"https:\/\/www.zamilsteel.com.vn\/wp-content\/uploads\/2018\/01\/charity-zamil.jpg\" alt=\"Vietnam &#8211; RSO | Voyage de charit\u00e9 vers Suoi Lenh, Bac Yen, Son La, Vietnam\">\n                            <\/a>\n                        <\/div>\n                        <div class=\"info\">\n                            <h2><a href=\"https:\/\/www.zamilsteel.com.vn\/fr\/zamil-steel-voyage-de-charite-vers-son-la\/\" title=\"Vietnam &#8211; RSO | Voyage de charit\u00e9 vers Suoi Lenh, Bac Yen, Son La, Vietnam\">Vietnam &#8211; RSO | Voyage De Charit\u00e9 Vers Suoi Lenh, Bac Yen, Son La, Vietnam<\/a><\/h2>\n                            <span class=\"vc-recent-news-date\">|\n                                janvier 16, 2018                            <\/span>\n                            <p class=\"vc-recent-news-excerpt\">\n                                Son La, Vietnam du nord, 16\/12 &amp; 17\/12\/2017 \u2014 Zamil Steel Buildings Vietnam a rendu visite aux enfants d\u00e9favoris\u00e9s de l\u2019\u00e9cole maternelle de Mang Non dans le village recul\u00e9 de Suoi Lenh village, ville de Bac Yen, province de Son...                            <\/p>\n                            <!--<p style=\"text-align: right\">\n                                <a class=\"vc-recent-news-read-more\" href=\"\"><\/a>\n                            <\/p>-->\n                        <\/div>\n\n                    <\/li>\n                                    <li>\n                        <div class=\"img-container left\">\n                            <a href=\"https:\/\/www.zamilsteel.com.vn\/fr\/cambodge-sommet-et-salon-de-lindustrie-du-batiment-2017\/\" title=\"Cambodge &#8211; Sommet et Salon de l\u2019Industrie du B\u00e2timent 2017\">\n                                <div class=\"overlay\"><\/div>\n                                <img decoding=\"async\" class=\"size-full\" src=\"https:\/\/www.zamilsteel.com.vn\/wp-content\/uploads\/2017\/12\/1-e1513217209650.jpg\" alt=\"Cambodge &#8211; Sommet et Salon de l\u2019Industrie du B\u00e2timent 2017\">\n                            <\/a>\n                        <\/div>\n                        <div class=\"info\">\n                            <h2><a href=\"https:\/\/www.zamilsteel.com.vn\/fr\/cambodge-sommet-et-salon-de-lindustrie-du-batiment-2017\/\" title=\"Cambodge &#8211; Sommet et Salon de l\u2019Industrie du B\u00e2timent 2017\">Cambodge &#8211; Sommet Et Salon De L\u2019Industrie Du B\u00e2timent 2017<\/a><\/h2>\n                            <span class=\"vc-recent-news-date\">|\n                                d\u00e9cembre 14, 2017                            <\/span>\n                            <p class=\"vc-recent-news-excerpt\">\n                                Phnom Penh, \u00a030\/11\/2017\u201302\/12\/2017 \u2014 Zamil Steel Buildings Vietnam \u00e9tait pr\u00e9sente au Koh Pich Exhibition Center de Phnom Penh pour participer au Sommet et Salon de l\u2019Industrie du B\u00e2timent du Cambodge 2017. Organis\u00e9 par le \u201cCambodia Construction Asssociation\u201d (CCA), le Sommet...                            <\/p>\n                            <!--<p style=\"text-align: right\">\n                                <a class=\"vc-recent-news-read-more\" href=\"\"><\/a>\n                            <\/p>-->\n                        <\/div>\n\n                    <\/li>\n                                    <li>\n                        <div class=\"img-container left\">\n                            <a href=\"https:\/\/www.zamilsteel.com.vn\/fr\/zamil-steel-buildings-vietnam-usine-canon-2010\/\" title=\"Zamil Steel Buildings Vietnam | Projet d&rsquo;usine Canon Electronics 2010\">\n                                <div class=\"overlay\"><\/div>\n                                <img decoding=\"async\" class=\"size-full\" src=\"https:\/\/www.zamilsteel.com.vn\/wp-content\/uploads\/2017\/07\/L1-4785-Canon-Electronic-Vietnam-in-Hung-Yen-Province.jpg\" alt=\"Zamil Steel Buildings Vietnam | Projet d&rsquo;usine Canon Electronics 2010\">\n                            <\/a>\n                        <\/div>\n                        <div class=\"info\">\n                            <h2><a href=\"https:\/\/www.zamilsteel.com.vn\/fr\/zamil-steel-buildings-vietnam-usine-canon-2010\/\" title=\"Zamil Steel Buildings Vietnam | Projet d&rsquo;usine Canon Electronics 2010\">Zamil Steel Buildings Vietnam | Projet D&rsquo;usine Canon Electronics 2010<\/a><\/h2>\n                            <span class=\"vc-recent-news-date\">|\n                                octobre 20, 2017                            <\/span>\n                            <p class=\"vc-recent-news-excerpt\">\n                                Zamil Steel Buildings Vietnam | Projet d&rsquo;usine Canon Electronics 2010 A l\u2019occasion de la finalisation du projet d\u2019usine No. 3 de Canon Electronics Vietnam, Zamil Steel Buildings Vietnam a re\u00e7u une lettre de remerciements sp\u00e9ciale de Monsieur Hideo Matsumoto \u2013...                            <\/p>\n                            <!--<p style=\"text-align: right\">\n                                <a class=\"vc-recent-news-read-more\" href=\"\"><\/a>\n                            <\/p>-->\n                        <\/div>\n\n                    <\/li>\n                            <\/ul>\n                    <\/div>\n\n[\/vc_column][vc_column width=\u00a0\u00bb5\/12&Prime; el_class=\u00a0\u00bbnews-featured\u00a0\u00bb][vc_raw_html]JTNDaWZyYW1lJTIwc3JjJTNEJTI3aHR0cHMlM0ElMkYlMkZ3d3cuc29jaWFibGVraXQuY29tJTJGYXBwJTJGZW1iZWQlMkY0NDgzOSUyNyUyMGZyYW1lYm9yZGVyJTNEJTI3MCUyNyUyMHdpZHRoJTNEJTI3MTAwJTI1JTI3JTIwaGVpZ2h0JTNEJTI3NDgwcHglMjclM0UlM0MlMkZpZnJhbWUlM0U=[\/vc_raw_html][\/vc_column][\/vc_row][vc_row full_width=\u00a0\u00bbstretch_row\u00a0\u00bb equal_height=\u00a0\u00bbyes\u00a0\u00bb has_content=\u00a0\u00bbinside\u00a0\u00bb css=\u00a0\u00bb.vc_custom_1476840350071{padding-top: 30px !important;padding-bottom: 30px !important;background-position: center !important;background-repeat: no-repeat !important;background-size: cover !important;}\u00a0\u00bb el_class=\u00a0\u00bbcontactfront\u00a0\u00bb][vc_column width=\u00a0\u00bb7\/12&Prime; el_class=\u00a0\u00bbcontact-form\u00a0\u00bb][\/vc_column][vc_column width=\u00a0\u00bb5\/12&Prime;][\/vc_column][\/vc_row]<\/p>\n","protected":false},"excerpt":{"rendered":"<p>[vc_row has_content=\u00a0\u00bbtrue\u00a0\u00bb el_class=\u00a0\u00bbslide-revo\u00a0\u00bb][vc_column][vc_column_text][\/vc_column_text][\/vc_column][\/vc_row][vc_row full_width=\u00a0\u00bbstretch_row\u00a0\u00bb css=\u00a0\u00bb.vc_custom_1466758072288{margin-top: 0px !important;padding-top: 30px !important;padding-bottom: 30px !important;background-color: #ffffff !important;}\u00a0\u00bb has_content=\u00a0\u00bbinside\u00a0\u00bb el_class=\u00a0\u00bbcarousel carousel-home\u00a0\u00bb][vc_column][\/vc_column][\/vc_row][vc_row full_width=\u00a0\u00bbstretch_row\u00a0\u00bb css=\u00a0\u00bb.vc_custom_1468297557743{padding-top: 30px !important;padding-bottom: 30px !important;background-image: url(\/wp-content\/uploads\/2016\/07\/bg-recent-news.png?id=1427) !important;}\u00a0\u00bb has_content=\u00a0\u00bbtrue\u00a0\u00bb][vc_column width=\u00a0\u00bb7\/12&Prime; el_class=\u00a0\u00bbrecent-news\u00a0\u00bb][\/vc_column][vc_column width=\u00a0\u00bb5\/12&Prime; el_class=\u00a0\u00bbnews-featured\u00a0\u00bb][vc_raw_html]JTNDaWZyYW1lJTIwc3JjJTNEJTI3aHR0cHMlM0ElMkYlMkZ3d3cuc29jaWFibGVraXQuY29tJTJGYXBwJTJGZW1iZWQlMkY0NDgzOSUyNyUyMGZyYW1lYm9yZGVyJTNEJTI3MCUyNyUyMHdpZHRoJTNEJTI3MTAwJTI1JTI3JTIwaGVpZ2h0JTNEJTI3NDgwcHglMjclM0UlM0MlMkZpZnJhbWUlM0U=[\/vc_raw_html][\/vc_column][\/vc_row][vc_row full_width=\u00a0\u00bbstretch_row\u00a0\u00bb equal_height=\u00a0\u00bbyes\u00a0\u00bb has_content=\u00a0\u00bbinside\u00a0\u00bb css=\u00a0\u00bb.vc_custom_1476840350071{padding-top: 30px !important;padding-bottom: 30px !important;background-position: center !important;background-repeat: no-repeat&#8230;<\/p>\n","protected":false},"author":1,"featured_media":0,"parent":0,"menu_order":0,"comment_status":"open","ping_status":"open","template":"","meta":{"footnotes":""},"yst_prominent_words":[],"class_list":["post-6462","page","type-page","status-publish","hentry"],"_links":{"self":[{"href":"https:\/\/www.zamilsteel.com.vn\/fr\/wp-json\/wp\/v2\/pages\/6462","targetHints":{"allow":["GET"]}}],"collection":[{"href":"https:\/\/www.zamilsteel.com.vn\/fr\/wp-json\/wp\/v2\/pages"}],"about":[{"href":"https:\/\/www.zamilsteel.com.vn\/fr\/wp-json\/wp\/v2\/types\/page"}],"author":[{"embeddable":true,"href":"https:\/\/www.zamilsteel.com.vn\/fr\/wp-json\/wp\/v2\/users\/1"}],"replies":[{"embeddable":true,"href":"https:\/\/www.zamilsteel.com.vn\/fr\/wp-json\/wp\/v2\/comments?post=6462"}],"version-history":[{"count":0,"href":"https:\/\/www.zamilsteel.com.vn\/fr\/wp-json\/wp\/v2\/pages\/6462\/revisions"}],"wp:attachment":[{"href":"https:\/\/www.zamilsteel.com.vn\/fr\/wp-json\/wp\/v2\/media?parent=6462"}],"wp:term":[{"taxonomy":"yst_prominent_words","embeddable":true,"href":"https:\/\/www.zamilsteel.com.vn\/fr\/wp-json\/wp\/v2\/yst_prominent_words?post=6462"}],"curies":[{"name":"wp","href":"https:\/\/api.w.org\/{rel}","templated":true}]}}