{"id":1834,"date":"2016-06-27T09:49:33","date_gmt":"2016-06-27T09:49:33","guid":{"rendered":"https:\/\/stage.zamilsteel.com.vn\/vi\/news-media-release\/"},"modified":"2021-10-22T12:20:51","modified_gmt":"2021-10-22T05:20:51","slug":"tin-tuc-truyen-thong","status":"publish","type":"page","link":"https:\/\/www.zamilsteel.com.vn\/vi\/tai-lieu\/tin-tuc-truyen-thong\/","title":{"rendered":"Tin T\u1ee9c &#8211; Truy\u1ec1n Th\u00f4ng"},"content":{"rendered":"<p>[vc_row][vc_column]<div><article class='post style-2'><div class='article-left'><header><a href='https:\/\/www.zamilsteel.com.vn\/vi\/zamil-steel-du-an-nha-kho-lon-philippines\/'><img loading=\"lazy\" decoding=\"async\" width=\"1200\" height=\"675\" src=\"https:\/\/www.zamilsteel.com.vn\/wp-content\/uploads\/2025\/10\/N3-6695-Philippines-1-1200x675.jpg\" class=\"attachment-blog-full size-blog-full wp-post-image\" alt=\"Zamil Steel Philippines -  Mega irregular shaped warehouse project\" srcset=\"https:\/\/www.zamilsteel.com.vn\/wp-content\/uploads\/2025\/10\/N3-6695-Philippines-1-1200x675.jpg 1200w, https:\/\/www.zamilsteel.com.vn\/wp-content\/uploads\/2025\/10\/N3-6695-Philippines-1-768x432.jpg 768w, https:\/\/www.zamilsteel.com.vn\/wp-content\/uploads\/2025\/10\/N3-6695-Philippines-1-370x208.jpg 370w, https:\/\/www.zamilsteel.com.vn\/wp-content\/uploads\/2025\/10\/N3-6695-Philippines-1-360x203.jpg 360w, https:\/\/www.zamilsteel.com.vn\/wp-content\/uploads\/2025\/10\/N3-6695-Philippines-1.jpg 1280w\" sizes=\"auto, (max-width: 1200px) 100vw, 1200px\" \/><\/a><\/header><\/div><div class='article-right'><a href='https:\/\/www.zamilsteel.com.vn\/vi\/zamil-steel-du-an-nha-kho-lon-philippines\/' title='Zamil Steel ho\u00e0n th\u00e0nh nh\u00e0 kho l\u1edbn v\u01a1\u0301i di\u00ea\u0323n ti\u0301ch x\u00e2y d\u01b0\u0323ng kh\u00f4ng theo quy t\u0103\u0301c (irregular shaped) t\u1ea1i Philippines'><h1>Zamil Steel ho\u00e0n th\u00e0nh nh\u00e0 kho l\u1edbn v\u01a1\u0301i di\u00ea\u0323n ti\u0301ch x\u00e2y d\u01b0\u0323ng kh\u00f4ng theo quy t\u0103\u0301c (irregular shaped) t\u1ea1i Philippines<\/h1><\/a><div class='post-meta'><ul><li class='post-meta-categories'><i class='hovercolor fa fa-folder-o'><\/i><a href='https:\/\/www.zamilsteel.com.vn\/vi\/category\/press-releases-vi\/'>Th\u00f4ng tin b\u00e1o ch\u00ed<\/a>, <a href='https:\/\/www.zamilsteel.com.vn\/vi\/category\/thong-tin-du-an\/'>Th\u00f4ng tin d\u1ef1 \u00e1n<\/a><\/li><li class='post-meta-author'><i class='hovercolor fa fa-user'><\/i>posted by <a href='https:\/\/www.zamilsteel.com.vn\/vi\/author\/admin\/' class='author'>ZamilSteel Vietnam<\/a><\/li><li class='post-meta-date'><i class='hovercolor fa fa-calendar'><\/i>Th\u00e1ng 10 31, 2025<\/li><\/ul><\/div><\/div><div class='clearfix'><\/div><div class='post-info'><div class='post-content'><p>Zamil Steel Buildings Vi\u1ec7t Nam\u00a0 \u0111\u00e3 ho\u00e0n th\u00e0nh th\u00e0nh c\u00f4ng d\u1ef1 \u00e1n nh\u00e0 kho l\u1edbn v\u01a1\u0301i di\u00ea\u0323n ti\u0301ch x\u00e2y d\u01b0\u0323ng kh\u00f4ng theo quy t\u0103\u0301c (irregular shaped)\u00a0 t\u1ea1i Philippines. L\u00e0 nh\u00e0 cung c\u1ea5p k\u1ebft c\u1ea5u th\u00e9p h\u00e0ng \u0111\u1ea7u t\u1ea1i Vi\u1ec7t Nam,&#8230;<\/p>\n<\/div><a class=\"btn btn-sm style-4\" href=\"https:\/\/www.zamilsteel.com.vn\/vi\/zamil-steel-du-an-nha-kho-lon-philippines\/\">Read more<\/a><\/div><\/article><article class='post style-2'><div class='article-left'><header><a href='https:\/\/www.zamilsteel.com.vn\/vi\/zamil-steel-viet-nam-ban-giao-du-an-nha-may-hoa-chat-6000-tan-tai-bangladesh\/'><img loading=\"lazy\" decoding=\"async\" width=\"900\" height=\"603\" src=\"https:\/\/www.zamilsteel.com.vn\/wp-content\/uploads\/2025\/10\/ZR-0137-Bangladesh-1.jpg\" class=\"attachment-blog-full size-blog-full wp-post-image\" alt=\"Zamil Steel Bangladesh - Chemical Plant\" srcset=\"https:\/\/www.zamilsteel.com.vn\/wp-content\/uploads\/2025\/10\/ZR-0137-Bangladesh-1.jpg 900w, https:\/\/www.zamilsteel.com.vn\/wp-content\/uploads\/2025\/10\/ZR-0137-Bangladesh-1-768x515.jpg 768w, https:\/\/www.zamilsteel.com.vn\/wp-content\/uploads\/2025\/10\/ZR-0137-Bangladesh-1-370x248.jpg 370w, https:\/\/www.zamilsteel.com.vn\/wp-content\/uploads\/2025\/10\/ZR-0137-Bangladesh-1-360x241.jpg 360w\" sizes=\"auto, (max-width: 900px) 100vw, 900px\" \/><\/a><\/header><\/div><div class='article-right'><a href='https:\/\/www.zamilsteel.com.vn\/vi\/zamil-steel-viet-nam-ban-giao-du-an-nha-may-hoa-chat-6000-tan-tai-bangladesh\/' title='Zamil Steel Buildings Vi\u1ec7t Nam b\u00e0n giao d\u1ef1 \u00e1n nh\u00e0 m\u00e1y h\u00f3a ch\u1ea5t 6000 t\u1ea5n t\u1ea1i Bangladesh'><h1>Zamil Steel Buildings Vi\u1ec7t Nam b\u00e0n giao d\u1ef1 \u00e1n nh\u00e0 m\u00e1y h\u00f3a ch\u1ea5t 6000 t\u1ea5n t\u1ea1i Bangladesh<\/h1><\/a><div class='post-meta'><ul><li class='post-meta-categories'><i class='hovercolor fa fa-folder-o'><\/i><a href='https:\/\/www.zamilsteel.com.vn\/vi\/category\/press-releases-vi\/'>Th\u00f4ng tin b\u00e1o ch\u00ed<\/a><\/li><li class='post-meta-author'><i class='hovercolor fa fa-user'><\/i>posted by <a href='https:\/\/www.zamilsteel.com.vn\/vi\/author\/admin\/' class='author'>ZamilSteel Vietnam<\/a><\/li><li class='post-meta-date'><i class='hovercolor fa fa-calendar'><\/i>Th\u00e1ng 10 24, 2025<\/li><\/ul><\/div><\/div><div class='clearfix'><\/div><div class='post-info'><div class='post-content'><p>Zamil Steel Buildings Vi\u1ec7t Nam t\u1ef1 h\u00e0o ho\u00e0n th\u00e0nh d\u1ef1 \u00e1n nh\u00e0 m\u00e1y h\u00f3a ch\u1ea5t l\u1edbn t\u1ea1i Bangladesh, minh ch\u1ee9ng cho n\u0103ng l\u1ef1c v\u1eefng ch\u1eafc\u00a0 v\u1edbi t\u01b0 c\u00e1ch l\u00e0 nh\u00e0 cung c\u1ea5p k\u1ebft c\u1ea5u th\u00e9p h\u00e0ng \u0111\u1ea7u t\u1ea1i Vi\u1ec7t Nam,&#8230;<\/p>\n<\/div><a class=\"btn btn-sm style-4\" href=\"https:\/\/www.zamilsteel.com.vn\/vi\/zamil-steel-viet-nam-ban-giao-du-an-nha-may-hoa-chat-6000-tan-tai-bangladesh\/\">Read more<\/a><\/div><\/article><article class='post style-2'><div class='article-left'><header><a href='https:\/\/www.zamilsteel.com.vn\/vi\/giai-thuong-rong-vang-2023-2024\/'><img loading=\"lazy\" decoding=\"async\" width=\"1200\" height=\"722\" src=\"https:\/\/www.zamilsteel.com.vn\/wp-content\/uploads\/2024\/04\/z5336439162950_43275dc262e41122f975876bae2f66e5-1-1200x722.jpg\" class=\"attachment-blog-full size-blog-full wp-post-image\" alt=\"\" srcset=\"https:\/\/www.zamilsteel.com.vn\/wp-content\/uploads\/2024\/04\/z5336439162950_43275dc262e41122f975876bae2f66e5-1-1200x722.jpg 1200w, https:\/\/www.zamilsteel.com.vn\/wp-content\/uploads\/2024\/04\/z5336439162950_43275dc262e41122f975876bae2f66e5-1-768x462.jpg 768w, https:\/\/www.zamilsteel.com.vn\/wp-content\/uploads\/2024\/04\/z5336439162950_43275dc262e41122f975876bae2f66e5-1-370x223.jpg 370w, https:\/\/www.zamilsteel.com.vn\/wp-content\/uploads\/2024\/04\/z5336439162950_43275dc262e41122f975876bae2f66e5-1-360x217.jpg 360w, https:\/\/www.zamilsteel.com.vn\/wp-content\/uploads\/2024\/04\/z5336439162950_43275dc262e41122f975876bae2f66e5-1.jpg 1280w\" sizes=\"auto, (max-width: 1200px) 100vw, 1200px\" \/><\/a><\/header><\/div><div class='article-right'><a href='https:\/\/www.zamilsteel.com.vn\/vi\/giai-thuong-rong-vang-2023-2024\/' title='GI\u1ea2I TH\u01af\u1edeNG R\u1ed2NG V\u00c0NG 2023-2024'><h1>GI\u1ea2I TH\u01af\u1edeNG R\u1ed2NG V\u00c0NG 2023-2024<\/h1><\/a><div class='post-meta'><ul><li class='post-meta-categories'><i class='hovercolor fa fa-folder-o'><\/i><a href='https:\/\/www.zamilsteel.com.vn\/vi\/category\/press-releases-vi\/'>Th\u00f4ng tin b\u00e1o ch\u00ed<\/a><\/li><li class='post-meta-author'><i class='hovercolor fa fa-user'><\/i>posted by <a href='https:\/\/www.zamilsteel.com.vn\/vi\/author\/admin\/' class='author'>ZamilSteel Vietnam<\/a><\/li><li class='post-meta-date'><i class='hovercolor fa fa-calendar'><\/i>Th\u00e1ng 4 12, 2024<\/li><\/ul><\/div><\/div><div class='clearfix'><\/div><div class='post-info'><div class='post-content'><p>H\u1ea3i Ph\u00f2ng, ng\u00e0y 10\/04\/2024, Zamil Steel Buildings Vi\u1ec7t Nam \u0111\u00e3 \u0111\u01b0\u1ee3c vinh danh l\u00e0 m\u1ed9t trong nh\u1eefng \u0111\u01a1n v\u1ecb \u0111o\u1ea1t gi\u1ea3i th\u01b0\u1edfng R\u1ed3ng V\u00e0ng danh gi\u00e1 2023-2024. \u0110\u1ea1i di\u1ec7n c\u1ee7a Zamil Steel Buildings Vietnam nh\u1eadn gi\u1ea3i t\u1ea1i L\u1ec5 trao gi\u1ea3i&#8230;<\/p>\n<\/div><a class=\"btn btn-sm style-4\" href=\"https:\/\/www.zamilsteel.com.vn\/vi\/giai-thuong-rong-vang-2023-2024\/\">Read more<\/a><\/div><\/article><article class='post style-2'><div class='article-left'><header><a href='https:\/\/www.zamilsteel.com.vn\/vi\/lanh-dao-tap-doan-zamil-gap-thu-tuong-viet-nam-tai-riyadh\/'><img loading=\"lazy\" decoding=\"async\" width=\"870\" height=\"582\" src=\"https:\/\/www.zamilsteel.com.vn\/wp-content\/uploads\/2023\/10\/z4798074554876_df96d89a7fc1a33a4418b26879fedb9d-1.jpg\" class=\"attachment-blog-full size-blog-full wp-post-image\" alt=\"\" srcset=\"https:\/\/www.zamilsteel.com.vn\/wp-content\/uploads\/2023\/10\/z4798074554876_df96d89a7fc1a33a4418b26879fedb9d-1.jpg 870w, https:\/\/www.zamilsteel.com.vn\/wp-content\/uploads\/2023\/10\/z4798074554876_df96d89a7fc1a33a4418b26879fedb9d-1-768x514.jpg 768w, https:\/\/www.zamilsteel.com.vn\/wp-content\/uploads\/2023\/10\/z4798074554876_df96d89a7fc1a33a4418b26879fedb9d-1-370x248.jpg 370w, https:\/\/www.zamilsteel.com.vn\/wp-content\/uploads\/2023\/10\/z4798074554876_df96d89a7fc1a33a4418b26879fedb9d-1-360x241.jpg 360w\" sizes=\"auto, (max-width: 870px) 100vw, 870px\" \/><\/a><\/header><\/div><div class='article-right'><a href='https:\/\/www.zamilsteel.com.vn\/vi\/lanh-dao-tap-doan-zamil-gap-thu-tuong-viet-nam-tai-riyadh\/' title='L\u00e3nh \u0111\u1ea1o Zamil Group g\u1eb7p Th\u1ee7 t\u01b0\u1edbng n\u01b0\u1edbc C\u1ed9ng h\u00f2a x\u00e3 h\u1ed9i ch\u1ee7 ngh\u0129a Vi\u1ec7t Nam'><h1>L\u00e3nh \u0111\u1ea1o Zamil Group g\u1eb7p Th\u1ee7 t\u01b0\u1edbng n\u01b0\u1edbc C\u1ed9ng h\u00f2a x\u00e3 h\u1ed9i ch\u1ee7 ngh\u0129a Vi\u1ec7t Nam<\/h1><\/a><div class='post-meta'><ul><li class='post-meta-categories'><i class='hovercolor fa fa-folder-o'><\/i><a href='https:\/\/www.zamilsteel.com.vn\/vi\/category\/chua-duoc-phan-loai\/'>Ch\u01b0a \u0111\u01b0\u1ee3c ph\u00e2n lo\u1ea1i<\/a>, <a href='https:\/\/www.zamilsteel.com.vn\/vi\/category\/press-releases-vi\/'>Th\u00f4ng tin b\u00e1o ch\u00ed<\/a>, <a href='https:\/\/www.zamilsteel.com.vn\/vi\/category\/thong-tin-du-an\/'>Th\u00f4ng tin d\u1ef1 \u00e1n<\/a><\/li><li class='post-meta-author'><i class='hovercolor fa fa-user'><\/i>posted by <a href='https:\/\/www.zamilsteel.com.vn\/vi\/author\/admin\/' class='author'>ZamilSteel Vietnam<\/a><\/li><li class='post-meta-date'><i class='hovercolor fa fa-calendar'><\/i>Th\u00e1ng 10 31, 2023<\/li><\/ul><\/div><\/div><div class='clearfix'><\/div><div class='post-info'><div class='post-content'><p>Ng\u00e0y 18\/10\/2023, L\u00e3nh \u0111\u1ea1o T\u1eadp \u0111o\u00e0n Zamil Group g\u1eb7p Th\u1ee7 t\u01b0\u1edbng n\u01b0\u1edbc C\u1ed9ng h\u00f2a x\u00e3 h\u1ed9i ch\u1ee7 ngh\u0129a Vi\u1ec7t Nam t\u1ea1i Riyadh, \u1ea2 R\u1eadp Saudi Nh\u1eadn l\u1eddi m\u1eddi c\u1ee7a Qu\u1ed1c v\u01b0\u01a1ng Salman bin Abdulaziz Al Saud, Th\u1ee7 t\u01b0\u1edbng n\u01b0\u1edbc C\u1ed9ng&#8230;<\/p>\n<\/div><a class=\"btn btn-sm style-4\" href=\"https:\/\/www.zamilsteel.com.vn\/vi\/lanh-dao-tap-doan-zamil-gap-thu-tuong-viet-nam-tai-riyadh\/\">Read more<\/a><\/div><\/article><article class='post style-2'><div class='article-left'><header><a href='https:\/\/www.zamilsteel.com.vn\/vi\/phai-doan-dai-bieu-rap-saudi-tham-quan-nha-may-noi-bai-trong-khuon-kho-dien-dan-doanh-nghiep-viet-nam-rap-saudi-2023\/'><img loading=\"lazy\" decoding=\"async\" width=\"1200\" height=\"800\" src=\"https:\/\/www.zamilsteel.com.vn\/wp-content\/uploads\/2023\/10\/804e4e3b6be2bebce7f3-1200x800.jpg\" class=\"attachment-blog-full size-blog-full wp-post-image\" alt=\"\u0110o\u00e0n \u0111\u1ea1i bi\u1ec3u \u1ea2 R\u1eadp Saudi tham quan nh\u00e0 m\u00e1y N\u1ed9i B\u00e0i c\u1ee7a Zamil Steel\" srcset=\"https:\/\/www.zamilsteel.com.vn\/wp-content\/uploads\/2023\/10\/804e4e3b6be2bebce7f3-1200x800.jpg 1200w, https:\/\/www.zamilsteel.com.vn\/wp-content\/uploads\/2023\/10\/804e4e3b6be2bebce7f3-768x512.jpg 768w, https:\/\/www.zamilsteel.com.vn\/wp-content\/uploads\/2023\/10\/804e4e3b6be2bebce7f3-1536x1024.jpg 1536w, https:\/\/www.zamilsteel.com.vn\/wp-content\/uploads\/2023\/10\/804e4e3b6be2bebce7f3-2048x1365.jpg 2048w, https:\/\/www.zamilsteel.com.vn\/wp-content\/uploads\/2023\/10\/804e4e3b6be2bebce7f3-370x247.jpg 370w, https:\/\/www.zamilsteel.com.vn\/wp-content\/uploads\/2023\/10\/804e4e3b6be2bebce7f3-360x240.jpg 360w\" sizes=\"auto, (max-width: 1200px) 100vw, 1200px\" \/><\/a><\/header><\/div><div class='article-right'><a href='https:\/\/www.zamilsteel.com.vn\/vi\/phai-doan-dai-bieu-rap-saudi-tham-quan-nha-may-noi-bai-trong-khuon-kho-dien-dan-doanh-nghiep-viet-nam-rap-saudi-2023\/' title='Ph\u00e1i \u0111o\u00e0n \u0111\u1ea1i bi\u1ec3u \u1ea2 R\u1eadp Saudi tham quan nh\u00e0 m\u00e1y c\u1ee7a Zamil Steel Vi\u1ec7t Namtrong khu\u00f4n kh\u1ed5 Di\u1ec5n \u0111\u00e0n doanh nghi\u1ec7p Vi\u1ec7t Nam &#8211; \u1ea2 R\u1eadp Saudi 2023'><h1>Ph\u00e1i \u0111o\u00e0n \u0111\u1ea1i bi\u1ec3u \u1ea2 R\u1eadp Saudi tham quan nh\u00e0 m\u00e1y c\u1ee7a Zamil Steel Vi\u1ec7t Namtrong khu\u00f4n kh\u1ed5 Di\u1ec5n \u0111\u00e0n doanh nghi\u1ec7p Vi\u1ec7t Nam &#8211; \u1ea2 R\u1eadp Saudi 2023<\/h1><\/a><div class='post-meta'><ul><li class='post-meta-categories'><i class='hovercolor fa fa-folder-o'><\/i><a href='https:\/\/www.zamilsteel.com.vn\/vi\/category\/press-releases-vi\/'>Th\u00f4ng tin b\u00e1o ch\u00ed<\/a><\/li><li class='post-meta-author'><i class='hovercolor fa fa-user'><\/i>posted by <a href='https:\/\/www.zamilsteel.com.vn\/vi\/author\/admin\/' class='author'>ZamilSteel Vietnam<\/a><\/li><li class='post-meta-date'><i class='hovercolor fa fa-calendar'><\/i>Th\u00e1ng 9 15, 2023<\/li><\/ul><\/div><\/div><div class='clearfix'><\/div><div class='post-info'><div class='post-content'><p>Di\u1ec5n \u0111\u00e0n doanh nghi\u1ec7p Vi\u1ec7t Nam &#8211; \u1ea2 R\u1eadp Saudi 2023\u00a0 Ph\u00e1i \u0111o\u00e0n \u0111\u1ea1i bi\u1ec3u \u1ea2 R\u1eadp Saudi tham quan nh\u00e0 m\u00e1y c\u1ee7a Zamil Steel Vi\u1ec7t Nam\u00a0 Ng\u00e0y 13 th\u00e1ng 9 n\u0103m 2023, Ph\u00e1i \u0111o\u00e0n \u1ea2 R\u1eadp Saudi do Ph\u00f2ng&#8230;<\/p>\n<\/div><a class=\"btn btn-sm style-4\" href=\"https:\/\/www.zamilsteel.com.vn\/vi\/phai-doan-dai-bieu-rap-saudi-tham-quan-nha-may-noi-bai-trong-khuon-kho-dien-dan-doanh-nghiep-viet-nam-rap-saudi-2023\/\">Read more<\/a><\/div><\/article><article class='post style-2'><div class='article-left'><header><a href='https:\/\/www.zamilsteel.com.vn\/vi\/thiet-ke-xay-dung-nha-hat-do\/'><img loading=\"lazy\" decoding=\"async\" width=\"1200\" height=\"664\" src=\"https:\/\/www.zamilsteel.com.vn\/wp-content\/uploads\/2023\/04\/z4245419560944_6e48ae515ecbf0357235f9229d8a22c1-1200x664.jpg\" class=\"attachment-blog-full size-blog-full wp-post-image\" alt=\"\" srcset=\"https:\/\/www.zamilsteel.com.vn\/wp-content\/uploads\/2023\/04\/z4245419560944_6e48ae515ecbf0357235f9229d8a22c1-1200x664.jpg 1200w, https:\/\/www.zamilsteel.com.vn\/wp-content\/uploads\/2023\/04\/z4245419560944_6e48ae515ecbf0357235f9229d8a22c1-768x425.jpg 768w, https:\/\/www.zamilsteel.com.vn\/wp-content\/uploads\/2023\/04\/z4245419560944_6e48ae515ecbf0357235f9229d8a22c1-1536x849.jpg 1536w, https:\/\/www.zamilsteel.com.vn\/wp-content\/uploads\/2023\/04\/z4245419560944_6e48ae515ecbf0357235f9229d8a22c1-2048x1133.jpg 2048w, https:\/\/www.zamilsteel.com.vn\/wp-content\/uploads\/2023\/04\/z4245419560944_6e48ae515ecbf0357235f9229d8a22c1-370x205.jpg 370w, https:\/\/www.zamilsteel.com.vn\/wp-content\/uploads\/2023\/04\/z4245419560944_6e48ae515ecbf0357235f9229d8a22c1-360x199.jpg 360w\" sizes=\"auto, (max-width: 1200px) 100vw, 1200px\" \/><\/a><\/header><\/div><div class='article-right'><a href='https:\/\/www.zamilsteel.com.vn\/vi\/thiet-ke-xay-dung-nha-hat-do\/' title='M\u1ed9t s\u1ed1 \u0111i\u1ec3m n\u1ed5i b\u1eadt trong thi\u1ebft k\u1ebf v\u00e0 x\u00e2y d\u1ef1ng nh\u00e0 h\u00e1t &#8220;\u0110\u00d3&#8221;'><h1>M\u1ed9t s\u1ed1 \u0111i\u1ec3m n\u1ed5i b\u1eadt trong thi\u1ebft k\u1ebf v\u00e0 x\u00e2y d\u1ef1ng nh\u00e0 h\u00e1t &#8220;\u0110\u00d3&#8221;<\/h1><\/a><div class='post-meta'><ul><li class='post-meta-categories'><i class='hovercolor fa fa-folder-o'><\/i><a href='https:\/\/www.zamilsteel.com.vn\/vi\/category\/press-releases-vi\/'>Th\u00f4ng tin b\u00e1o ch\u00ed<\/a><\/li><li class='post-meta-author'><i class='hovercolor fa fa-user'><\/i>posted by <a href='https:\/\/www.zamilsteel.com.vn\/vi\/author\/admin\/' class='author'>ZamilSteel Vietnam<\/a><\/li><li class='post-meta-date'><i class='hovercolor fa fa-calendar'><\/i>Th\u00e1ng 4 7, 2023<\/li><\/ul><\/div><\/div><div class='clearfix'><\/div><div class='post-info'><div class='post-content'><p>D\u1ef1 \u00e1n Nh\u00e0 h\u00e1t \u201c\u0110\u00f3\u201d t\u1ecda l\u1ea1c t\u1ea1i qu\u1ea7n th\u1ec3 ngh\u1ec9 d\u01b0\u1ee1ng \u2013 gi\u1ea3i tr\u00ed \u2013 ngh\u1ec7 thu\u1eadt Vega City, th\u00e0nh ph\u1ed1 Nha Trang, Kh\u00e1nh H\u00f2a v\u00e0 \u0111\u01b0\u1ee3c l\u1ea5y c\u1ea3m h\u1ee9ng t\u1eeb chi\u1ebfc \u201c\u0110\u00d3\u201d truy\u1ec1n th\u1ed1ng c\u1ee7a ng\u01b0\u1eddi Vi\u1ec7t Nam&#8230;.<\/p>\n<\/div><a class=\"btn btn-sm style-4\" href=\"https:\/\/www.zamilsteel.com.vn\/vi\/thiet-ke-xay-dung-nha-hat-do\/\">Read more<\/a><\/div><\/article><article class='post style-2'><div class='article-left'><header><a href='https:\/\/www.zamilsteel.com.vn\/vi\/nha-hat-do-zamil-steel-vietnam\/'><img loading=\"lazy\" decoding=\"async\" width=\"1200\" height=\"900\" src=\"https:\/\/www.zamilsteel.com.vn\/wp-content\/uploads\/2023\/04\/z4233088647650_9a79369a2cfa79cb4f5946d86e29fe2d-1200x900.jpg\" class=\"attachment-blog-full size-blog-full wp-post-image\" alt=\"\" srcset=\"https:\/\/www.zamilsteel.com.vn\/wp-content\/uploads\/2023\/04\/z4233088647650_9a79369a2cfa79cb4f5946d86e29fe2d-1200x900.jpg 1200w, https:\/\/www.zamilsteel.com.vn\/wp-content\/uploads\/2023\/04\/z4233088647650_9a79369a2cfa79cb4f5946d86e29fe2d-768x576.jpg 768w, https:\/\/www.zamilsteel.com.vn\/wp-content\/uploads\/2023\/04\/z4233088647650_9a79369a2cfa79cb4f5946d86e29fe2d-370x278.jpg 370w, https:\/\/www.zamilsteel.com.vn\/wp-content\/uploads\/2023\/04\/z4233088647650_9a79369a2cfa79cb4f5946d86e29fe2d-360x270.jpg 360w, https:\/\/www.zamilsteel.com.vn\/wp-content\/uploads\/2023\/04\/z4233088647650_9a79369a2cfa79cb4f5946d86e29fe2d.jpg 1280w\" sizes=\"auto, (max-width: 1200px) 100vw, 1200px\" \/><\/a><\/header><\/div><div class='article-right'><a href='https:\/\/www.zamilsteel.com.vn\/vi\/nha-hat-do-zamil-steel-vietnam\/' title='Nh\u00e0 h\u00e1t \u201c\u0110\u00d3\u201d \u2013 Tuy\u1ec7t t\u00e1c cung c\u1ea5p b\u1edfi Zamil Steel Vi\u1ec7t Nam'><h1>Nh\u00e0 h\u00e1t \u201c\u0110\u00d3\u201d \u2013 Tuy\u1ec7t t\u00e1c cung c\u1ea5p b\u1edfi Zamil Steel Vi\u1ec7t Nam<\/h1><\/a><div class='post-meta'><ul><li class='post-meta-categories'><i class='hovercolor fa fa-folder-o'><\/i><a href='https:\/\/www.zamilsteel.com.vn\/vi\/category\/press-releases-vi\/'>Th\u00f4ng tin b\u00e1o ch\u00ed<\/a><\/li><li class='post-meta-author'><i class='hovercolor fa fa-user'><\/i>posted by <a href='https:\/\/www.zamilsteel.com.vn\/vi\/author\/admin\/' class='author'>ZamilSteel Vietnam<\/a><\/li><li class='post-meta-date'><i class='hovercolor fa fa-calendar'><\/i>Th\u00e1ng 4 3, 2023<\/li><\/ul><\/div><\/div><div class='clearfix'><\/div><div class='post-info'><div class='post-content'><p>L\u1ea5y c\u1ea3m h\u1ee9ng t\u1eeb chi\u1ebfc \u201c\u0110\u00d3\u201d (d\u1ee5ng c\u1ee5 b\u1eaft c\u00e1 truy\u1ec1n th\u1ed1ng c\u1ee7a ng\u01b0\u1eddi Vi\u1ec7t), nh\u00e0 h\u00e1t \u201c\u0110\u00d3\u201d \u0111\u01b0\u1ee3c x\u00e2y d\u1ef1ng nh\u01b0 m\u1ed9t t\u00e1c ph\u1ea9m ngh\u1ec7 thu\u1eadt t\u1ecda l\u1ea1c t\u1ea1i trung t\u00e2m khu ph\u1ee9c h\u1ee3p ngh\u1ec9 d\u01b0\u1ee1ng \u2013 gi\u1ea3i tr\u00ed&#8230;<\/p>\n<\/div><a class=\"btn btn-sm style-4\" href=\"https:\/\/www.zamilsteel.com.vn\/vi\/nha-hat-do-zamil-steel-vietnam\/\">Read more<\/a><\/div><\/article><\/div><ul class='page-numbers'>\n\t<li><span aria-current=\"page\" class=\"page-numbers current\">1<\/span><\/li>\n\t<li><a class=\"page-numbers\" href=\"https:\/\/www.zamilsteel.com.vn\/vi\/wp-json\/wp\/v2\/pages\/1834\/page\/2\/\">2<\/a><\/li>\n\t<li><a class=\"page-numbers\" href=\"https:\/\/www.zamilsteel.com.vn\/vi\/wp-json\/wp\/v2\/pages\/1834\/page\/3\/\">3<\/a><\/li>\n\t<li><span class=\"page-numbers dots\">&hellip;<\/span><\/li>\n\t<li><a class=\"page-numbers\" href=\"https:\/\/www.zamilsteel.com.vn\/vi\/wp-json\/wp\/v2\/pages\/1834\/page\/13\/\">13<\/a><\/li>\n\t<li><a class=\"next page-numbers\" href=\"https:\/\/www.zamilsteel.com.vn\/vi\/wp-json\/wp\/v2\/pages\/1834\/page\/2\/\"><\/a><\/li>\n<\/ul>\n[\/vc_column][\/vc_row]<\/p>\n","protected":false},"excerpt":{"rendered":"<p>[vc_row][vc_column][\/vc_column][\/vc_row]<\/p>\n","protected":false},"author":1,"featured_media":0,"parent":1897,"menu_order":0,"comment_status":"closed","ping_status":"closed","template":"","meta":{"footnotes":""},"yst_prominent_words":[],"class_list":["post-1834","page","type-page","status-publish","hentry"],"_links":{"self":[{"href":"https:\/\/www.zamilsteel.com.vn\/vi\/wp-json\/wp\/v2\/pages\/1834","targetHints":{"allow":["GET"]}}],"collection":[{"href":"https:\/\/www.zamilsteel.com.vn\/vi\/wp-json\/wp\/v2\/pages"}],"about":[{"href":"https:\/\/www.zamilsteel.com.vn\/vi\/wp-json\/wp\/v2\/types\/page"}],"author":[{"embeddable":true,"href":"https:\/\/www.zamilsteel.com.vn\/vi\/wp-json\/wp\/v2\/users\/1"}],"replies":[{"embeddable":true,"href":"https:\/\/www.zamilsteel.com.vn\/vi\/wp-json\/wp\/v2\/comments?post=1834"}],"version-history":[{"count":0,"href":"https:\/\/www.zamilsteel.com.vn\/vi\/wp-json\/wp\/v2\/pages\/1834\/revisions"}],"up":[{"embeddable":true,"href":"https:\/\/www.zamilsteel.com.vn\/vi\/wp-json\/wp\/v2\/pages\/1897"}],"wp:attachment":[{"href":"https:\/\/www.zamilsteel.com.vn\/vi\/wp-json\/wp\/v2\/media?parent=1834"}],"wp:term":[{"taxonomy":"yst_prominent_words","embeddable":true,"href":"https:\/\/www.zamilsteel.com.vn\/vi\/wp-json\/wp\/v2\/yst_prominent_words?post=1834"}],"curies":[{"name":"wp","href":"https:\/\/api.w.org\/{rel}","templated":true}]}}