{"id":1909,"date":"2016-06-24T09:50:31","date_gmt":"2016-06-24T09:50:31","guid":{"rendered":"https:\/\/stage.zamilsteel.com.vn\/vi\/services\/designing-engineering\/"},"modified":"2022-10-14T08:50:19","modified_gmt":"2022-10-14T01:50:19","slug":"thiet-ke","status":"publish","type":"page","link":"https:\/\/www.zamilsteel.com.vn\/vi\/dich-vu\/thiet-ke\/","title":{"rendered":"Thi\u1ebft K\u1ebf &#038; K\u1ef9 Thu\u1eadt"},"content":{"rendered":"<p>[vc_row][vc_column][vc_row_inner][vc_column_inner width=&#8221;1\/2&#8243;][vc_single_image image=&#8221;1509&#8243; img_size=&#8221;full&#8221;][\/vc_column_inner][vc_column_inner width=&#8221;1\/2&#8243;][vc_single_image image=&#8221;1511&#8243; img_size=&#8221;full&#8221; alignment=&#8221;center&#8221;][\/vc_column_inner][\/vc_row_inner][vc_column_text]<\/p>\n<p style=\"text-align: justify;\">V\u1edbi \u0111\u1ed9i ng\u0169 k\u1ef9 s\u01b0 gi\u00e0u kinh nghi\u1ec7m, Zamil Steel \u0111\u01b0a ra c\u00e1c gi\u1ea3i ph\u00e1p thi\u1ebft k\u1ebf nh\u00e0 th\u00e9p ti\u1ec1n ch\u1ebf, k\u1ebft c\u1ea5u th\u00e9p v\u00e0 c\u00e1c c\u00f4ng tr\u00ecnh t\u00f2a nh\u00e0 cao t\u1ea7ng. \u00a0Trong h\u01a1n 20 n\u0103m ho\u1ea1t \u0111\u1ed9ng, Zamil Steel Vi\u1ec7t Nam \u0111\u00e3 l\u1eafp d\u1ef1ng, ch\u1ebf t\u1ea1o v\u00e0 cung c\u1ea5p <a href=\"https:\/\/www.zamilsteel.com.vn\/vi\/du-an\/\"><strong>h\u01a1n 6.000 c\u00f4ng tr\u00ecnh<\/strong><\/a> nh\u00e0 th\u00e9p ti\u1ec1n ch\u1ebf v\u00e0 k\u1ebft c\u1ea5u th\u00e9p tr\u00ean kh\u1eafp Vi\u1ec7t Nam v\u00e0 khu v\u1ef1c ch\u00e2u \u00c1 Th\u00e1i B\u00ecnh D\u01b0\u01a1ng.<\/p>\n<p style=\"text-align: justify;\">Zamil Steel c\u00f3 hai v\u0103n ph\u00f2ng thi\u1ebft k\u1ebf \u0111ang ho\u1ea1t \u0111\u1ed9ng t\u1ea1i Vi\u1ec7t Nam v\u1edbi h\u01a1n 100 k\u1ef9 s\u01b0 \u0111\u01b0\u1ee3c \u0111\u00e0o t\u1ea1o chuy\u00ean nghi\u1ec7p. \u0110\u1ed9i ng\u0169 c\u1ee7a ch\u00fang t\u00f4i s\u1eed d\u1ee5ng c\u00e1c ph\u1ea7n m\u1ec1m hi\u1ec7n \u0111\u1ea1i ti\u00ean ti\u1ebfn \u0111\u1ec3 ph\u00e2n t\u00edch k\u1ebft c\u1ea5u, tri\u1ec3n khai b\u1ea3n v\u1ebd chi ti\u1ebft, \u0111em l\u1ea1i cho kh\u00e1ch h\u00e0ng c\u00e1c gi\u1ea3i ph\u00e1p nh\u00e0 th\u00e9p ch\u1ea5t l\u01b0\u1ee3ng cao nh\u1ea5t v\u00e0 ti\u1ebft ki\u1ec7m chi ph\u00ed, ph\u00f9 h\u1ee3p v\u1edbi nhu c\u1ea7u c\u1ee5 th\u1ec3 c\u1ee7a kh\u00e1ch h\u00e0ng. Ngo\u00e0i ra, \u0111\u1ed9i ng\u0169 k\u1ef9 s\u01b0 to\u00e0n c\u1ea7u c\u1ee7a t\u1eadp \u0111o\u00e0n Zamil Steel c\u0169ng s\u1ebd tham gia h\u1ed7 tr\u1ee3 trong tr\u01b0\u1eddng h\u1ee3p c\u1ea7n thi\u1ebft k\u1ebf c\u00e1c c\u00f4ng tr\u00ecnh nh\u00e0 th\u00e9p ti\u1ec1n ch\u1ebf v\u00e0 k\u1ebft c\u1ea5u th\u00e9p ph\u1ee9c t\u1ea1p \u00a0t\u00f9y v\u00e0o quy m\u00f4 v\u00e0 \u0111\u1ecba \u0111i\u1ec3m<\/p>\n<p style=\"text-align: justify;\">T\u1ea5t c\u1ea3 c\u00e1c k\u1ef9 s\u01b0 c\u1ee7a ch\u00fang t\u00f4i \u0111\u1ec1u \u0111\u01b0\u1ee3c \u0111\u00e0o t\u1ea1o v\u1ec1 c\u00e1c Quy chu\u1ea9n thi\u1ebft k\u1ebf m\u1edbi nh\u1ea5t, thu\u1eadn ti\u1ec7n cho vi\u1ec7c chuy\u1ec3n c\u00e1c thi\u1ebft k\u1ebf nh\u00e0 th\u00e9p truy\u1ec1n th\u1ed1ng v\u1ed1n ph\u1ee9c t\u1ea1p v\u00e0 t\u1ed1n k\u00e9m th\u00e0nh c\u00e1c <a href=\"https:\/\/www.zamilsteel.com.vn\/vi\/dich-vu\/thiet-ke\/\"><strong>thi\u1ebft k\u1ebf nh\u00e0 th\u00e9p ti\u1ec1n ch\u1ebf<\/strong><\/a> \u0111\u01a1n gi\u1ea3n v\u00e0 ti\u1ebft ki\u1ec7m chi ph\u00ed h\u01a1n m\u00e0 kh\u00f4ng l\u00e0m m\u1ea5t \u0111i t\u00ednh th\u1ed1ng nh\u1ea5t c\u1ee7a k\u1ebft c\u1ea5u v\u00e0 ch\u1ee9c n\u0103ng an to\u00e0n c\u1ee7a c\u00e1c c\u00f4ng tr\u00ecnh nh\u00e0. To\u00e0n b\u1ed9 quy tr\u00ecnh \u0111\u01b0\u1ee3c th\u1ef1c hi\u1ec7n tr\u00ean m\u00e1y t\u00ednh, k\u1ebft n\u1ed1i v\u00e0 theo d\u00f5i th\u00f4ng qua h\u1ec7 th\u1ed1ng qu\u1ea3n l\u00fd n\u1ed9i b\u1ed9 c\u1ee7a Zamil Steel.<\/p>\n<p style=\"text-align: justify;\">B\u1ea3n t\u00ednh to\u00e1n thi\u1ebft k\u1ebf c\u1ee7a Zamil Steel to\u00e0n di\u1ec7n v\u00e0 r\u1ea5t d\u1ec5 hi\u1ec3u. Tr\u01b0\u1edbc m\u1ed7i ph\u1ea7n t\u00ednh to\u00e1n \u0111\u1ec1u c\u00f3 ph\u1ea7n gi\u1ea3i th\u00edch v\u00e0 t\u00e0i li\u1ec7u tham chi\u1ebfu, gi\u00fap cho c\u00e1c chuy\u00ean gia t\u01b0 v\u1ea5n c\u1ee7a kh\u00e1ch h\u00e0ng v\u00e0 c\u00e1c b\u00ean li\u00ean quan c\u00f3 th\u1ec3 hi\u1ec3u r\u00f5 t\u1eebng chi ti\u1ebft thi\u1ebft k\u1ebf c\u1ee7a <strong><a href=\"https:\/\/www.zamilsteel.com.vn\/vi\/portfolio\/nha-thep-tien-che-zamil\/\" target=\"_blank\" rel=\"noopener\">nh\u00e0 th\u00e9p Zamil Steel<\/a><\/strong>.<\/p>\n<p style=\"text-align: justify;\">T\u1ea1i Zamil Steel, ch\u00fang t\u00f4i \u0111\u00e3 thi\u1ebft k\u1ebf v\u00e0 ch\u1ebf t\u1ea1o nhi\u1ec1u Nh\u00e0 th\u00e9p ti\u1ec1n ch\u1ebf v\u00e0 k\u1ebft c\u1ea5u th\u00e9p c\u00f3 \u0111\u1ed9 ph\u1ee9c t\u1ea1p \u0111a d\u1ea1ng: t\u1eeb nh\u00e0 kho, nh\u00e0 x\u01b0\u1edfng \u0111\u01a1n gi\u1ea3n, \u0111\u1ebfn b\u00e3i \u0111\u1eadu s\u00e2n bay kh\u1ea9u \u0111\u1ed9 r\u1ed9ng h\u01a1n 100 m\u00e9t, ho\u1eb7c nh\u00e0 m\u00e1y c\u00e1n th\u00e9p ph\u1ee9c h\u1ee3p 4.500 t\u1ea5n.<\/p>\n<p>[\/vc_column_text][vc_empty_space][\/vc_column][\/vc_row][vc_row][vc_column][vc_tta_tabs][vc_tta_section title=&#8221;TR\u00ccNH \u1ee8NG D\u1ee4NG THI\u1ebeT K\u1ebe&#8221; tab_id=&#8221;1476689682664-d4c79cc2-54aa&#8221;][vc_column_text]<\/p>\n<ul>\n<li>ASFAD (Ph\u00e2n t\u00edch v\u00e0 Thi\u1ebft k\u1ebf Khung th\u00e9p Cao c\u1ea5p)<\/li>\n<li>AGOSED (Ph\u1ea7n m\u1ec1m t\u1ea1o B\u1ea3n v\u1ebd ch\u1ebf t\u1ea1o v\u00e0 B\u1ea3n v\u1ebd L\u1eafp d\u1ef1ng T\u1ef1 \u0111\u1ed9ng)<\/li>\n<li>INTELEST (Ph\u1ea7n m\u1ec1m D\u1ef1 to\u00e1n Th\u00f4ng minh)<\/li>\n<li>EZ BUILD(Ph\u1ea7n m\u1ec1m T\u1ea1o B\u1ea3ng T\u00ednh to\u00e1n Thi\u1ebft k\u1ebf, D\u1ef1 to\u00e1n, v\u00e0 B\u1ea3n v\u1ebd \u0111\u1ec1 xu\u1ea5t t\u1ef1 \u0111\u1ed9ng)<\/li>\n<li>EZ Detailer<\/li>\n<li>EZ Estimate<\/li>\n<li>Connection Design (Thi\u1ebft k\u1ebf li\u00ean \u00a0k\u1ebft: RAM &amp; LIM)<\/li>\n<li>TEKLA<\/li>\n<li>SAP 2000<\/li>\n<li>STAA PRO<\/li>\n<\/ul>\n<p>[\/vc_column_text][\/vc_tta_section][vc_tta_section title=&#8221;QUY CHU\u1ea8N THI\u1ebeT K\u1ebe&#8221; tab_id=&#8221;1476689682930-73f7b121-54a8&#8243;][vc_column_text]<\/p>\n<ul>\n<li><em><strong>Quy chu\u1ea9n M\u1ef9:<\/strong><\/em>\n<ul>\n<li>ASCE7 (Hi\u1ec7p h\u1ed9i K\u1ef9 s\u01b0 X\u00e2y d\u1ef1ng M\u1ef9): t\u1ea3i l\u01b0\u1ee3ng thi\u1ebft k\u1ebf t\u1ed1i thi\u1ec3u cho t\u00f2a nh\u00e0 v\u00e0 c\u00e1c c\u00f4ng tr\u00ecnh kh\u00e1c<\/li>\n<li>(MBMA) H\u01b0\u1edbng d\u1eabn k\u1ef9 thu\u1eadt v\u1ec1 h\u1ec7 th\u1ed1ng nh\u00e0 th\u00e9p<br \/>\nHi\u1ec7p h\u1ed9i Nh\u00e0 s\u1ea3n xu\u1ea5t X\u00e2y d\u1ef1ng Kim lo\u1ea1i<\/li>\n<li>(AISC) H\u01b0\u1edbng d\u1eabn k\u1ef9 thu\u1eadt v\u1ec1 k\u1ebft c\u1ea5u th\u00e9p, Thi\u1ebft k\u1ebf theo \u1ee9ng su\u1ea5t cho ph\u00e9p<br \/>\nVi\u1ec7n K\u1ebft c\u1ea5u Th\u00e9p Hoa K\u1ef3<\/li>\n<li>(AISI) H\u01b0\u1edbng d\u1eabn k\u1ef9 thu\u1eadt thi\u1ebft k\u1ebf th\u00e9p t\u1ea1o h\u00ecnh ngu\u1ed9i<br \/>\nVi\u1ec7n nghi\u00ean c\u1ee9u S\u1eaft &amp; Th\u00e9p Hoa K\u1ef3 .<\/li>\n<li>(AWS) Quy ph\u1ea1m k\u1ebft c\u1ea5u h\u00e0n th\u00e9p<br \/>\nANSI\/AWS, D1.1-2010<br \/>\nHi\u1ec7p h\u1ed9i H\u00e0n Hoa K\u1ef3<\/li>\n<\/ul>\n<\/li>\n<li><em><strong>Quy chu\u1ea9n Anh: (T\u1ed5 ch\u1ee9c Ti\u00eau chu\u1ea9n Anh Qu\u1ed1c)<\/strong><\/em>\n<ul>\n<li>BS 5950: Ph\u1ea7n 1: 2000 S\u1eed d\u1ee5ng <a href=\"https:\/\/www.zamilsteel.com.vn\/vi\/portfolio\/thep-ket-cau-ss\/\" target=\"_blank\" rel=\"noopener\">th\u00e9p k\u1ebft c\u1ea5u<\/a> trong t\u00f2a nh\u00e0<br \/>\nPh\u1ea7n 1. Quy ph\u1ea1m thi\u1ebft k\u1ebf c\u1ea5u ki\u1ec7n c\u00e1n v\u00e0 h\u00e0n<\/li>\n<li>CP3: Ch\u01b0\u01a1ng 5: Ph\u1ea7n 2<br \/>\nQuy ph\u1ea1m v\u1ec1 d\u1eef li\u1ec7u c\u01a1 b\u1ea3n cho vi\u1ec7c thi\u1ebft k\u1ebf t\u00f2a nh\u00e0 (T\u1ea3i tr\u1ecdng gi\u00f3)<\/li>\n<\/ul>\n<\/li>\n<li><em><strong>Quy chu\u1ea9n ch\u00e2u \u00c2u<\/strong><\/em>\n<ul>\n<li>EN1991 Eurocode 1: \u00a0Actions on structures<\/li>\n<li>EN1993 Eurocode 3 : Design of steel structures<\/li>\n<li>EN1994 Eurocode 4 : Design of composite structures<\/li>\n<li>EN1998 Eurocode 8 : Design for earthquake resistance<\/li>\n<\/ul>\n<\/li>\n<li><em><strong>C\u00e1c ti\u00eau chu\u1ea9n kh\u00e1c \u0111\u01b0\u1ee3c \u00e1p d\u1ee5ng thi\u1ebft k\u1ebf cho T\u1ea3i tr\u1ecdng gi\u00f3 v\u00e0 \u0110\u1ecba ch\u1ea5n:<\/strong><\/em>\n<ul>\n<li>UBC \u2013\u00a0Ti\u00eau chu\u1ea9n nh\u00e0 \u0111\u1ed3ng b\u1ed9<\/li>\n<li>SEI\/ASCE-7 \u2013 Vi\u1ec7n Thi\u1ebft k\u1ebf K\u1ebft c\u1ea5u \/Hi\u1ec7p h\u1ed9i K\u1ef9 s\u01b0 X\u00e2y d\u1ef1ng M\u1ef9<\/li>\n<li>Australia code<\/li>\n<li>New Zealand code<\/li>\n<li>American code<\/li>\n<li>\u00a0ASEAN:\n<ul>\n<li>Vietnam\n<ul>\n<li>TCVN 2737-1995: Loads and effects<\/li>\n<li>TCVN 5575-2012: Design of steel structures<\/li>\n<\/ul>\n<\/li>\n<li>Philippines:\n<ul>\n<li>NSCP &#8211; 2015<\/li>\n<\/ul>\n<\/li>\n<li>Indonesia\n<ul>\n<li>Refer IBC2012<\/li>\n<\/ul>\n<\/li>\n<li>Singapore\n<ul>\n<li>EN (above)<\/li>\n<\/ul>\n<\/li>\n<li>Malaysia\n<ul>\n<li>EN (above)<\/li>\n<\/ul>\n<\/li>\n<li>Bangladesh\n<ul>\n<li>BNBC 2006<\/li>\n<li>BNBC 2015<\/li>\n<li>BCNC 2020<\/li>\n<\/ul>\n<\/li>\n<\/ul>\n<\/li>\n<\/ul>\n<\/li>\n<\/ul>\n<p>[\/vc_column_text][\/vc_tta_section][\/vc_tta_tabs][\/vc_column][\/vc_row]<\/p>\n","protected":false},"excerpt":{"rendered":"<p>[vc_row][vc_column][vc_row_inner][vc_column_inner width=&#8221;1\/2&#8243;][vc_single_image image=&#8221;1509&#8243; img_size=&#8221;full&#8221;][\/vc_column_inner][vc_column_inner width=&#8221;1\/2&#8243;][vc_single_image image=&#8221;1511&#8243; img_size=&#8221;full&#8221; alignment=&#8221;center&#8221;][\/vc_column_inner][\/vc_row_inner][vc_column_text] V\u1edbi \u0111\u1ed9i ng\u0169 k\u1ef9 s\u01b0 gi\u00e0u kinh nghi\u1ec7m, Zamil Steel \u0111\u01b0a ra c\u00e1c gi\u1ea3i ph\u00e1p thi\u1ebft k\u1ebf nh\u00e0 th\u00e9p ti\u1ec1n ch\u1ebf, k\u1ebft c\u1ea5u th\u00e9p v\u00e0 c\u00e1c c\u00f4ng tr\u00ecnh t\u00f2a nh\u00e0 cao t\u1ea7ng&#8230;.<\/p>\n","protected":false},"author":1,"featured_media":0,"parent":1903,"menu_order":0,"comment_status":"closed","ping_status":"closed","template":"","meta":{"footnotes":""},"yst_prominent_words":[834,839,843,7993,289,280,508,290,511,833,835,836],"class_list":["post-1909","page","type-page","status-publish","hentry"],"_links":{"self":[{"href":"https:\/\/www.zamilsteel.com.vn\/vi\/wp-json\/wp\/v2\/pages\/1909","targetHints":{"allow":["GET"]}}],"collection":[{"href":"https:\/\/www.zamilsteel.com.vn\/vi\/wp-json\/wp\/v2\/pages"}],"about":[{"href":"https:\/\/www.zamilsteel.com.vn\/vi\/wp-json\/wp\/v2\/types\/page"}],"author":[{"embeddable":true,"href":"https:\/\/www.zamilsteel.com.vn\/vi\/wp-json\/wp\/v2\/users\/1"}],"replies":[{"embeddable":true,"href":"https:\/\/www.zamilsteel.com.vn\/vi\/wp-json\/wp\/v2\/comments?post=1909"}],"version-history":[{"count":0,"href":"https:\/\/www.zamilsteel.com.vn\/vi\/wp-json\/wp\/v2\/pages\/1909\/revisions"}],"up":[{"embeddable":true,"href":"https:\/\/www.zamilsteel.com.vn\/vi\/wp-json\/wp\/v2\/pages\/1903"}],"wp:attachment":[{"href":"https:\/\/www.zamilsteel.com.vn\/vi\/wp-json\/wp\/v2\/media?parent=1909"}],"wp:term":[{"taxonomy":"yst_prominent_words","embeddable":true,"href":"https:\/\/www.zamilsteel.com.vn\/vi\/wp-json\/wp\/v2\/yst_prominent_words?post=1909"}],"curies":[{"name":"wp","href":"https:\/\/api.w.org\/{rel}","templated":true}]}}