{"id":1919,"date":"2016-06-23T03:38:14","date_gmt":"2016-06-23T03:38:14","guid":{"rendered":"https:\/\/stage.zamilsteel.com.vn\/vi\/the-zamil-steel-standards\/"},"modified":"2026-04-02T15:32:09","modified_gmt":"2026-04-02T08:32:09","slug":"tieu-chuan-zamil-steel","status":"publish","type":"page","link":"https:\/\/www.zamilsteel.com.vn\/vi\/tieu-chuan-zamil-steel\/","title":{"rendered":"Ti\u00eau Chu\u1ea9n Zamil Steel"},"content":{"rendered":"<p>[vc_row el_class=&#8221;page-detail&#8221;][vc_column][vc_custom_heading text=&#8221;Ti\u00eau Chu\u1ea9n Zamil Steel&#8221; el_class=&#8221;my-custom-title&#8221;][vc_empty_space]<blockquote class=\"style-1\"><p>T\u1ea1i Zamil Steel, ch\u00fang t\u00f4i kh\u00f4ng ch\u1ec9 t\u00ecm ki\u1ebfm nh\u1eefng \u0111\u1ed1i t\u00e1c kinh doanh ng\u1eafn h\u1ea1n, m\u00e0 c\u00f2n khi\u1ebfn qu\u00fd v\u1ecb tr\u1edf th\u00e0nh \u0111\u1ed1i t\u00e1c l\u00e2u d\u00e0i c\u1ee7a ch\u00fang t\u00f4i. Zamil Steel \u0111\u1ea3m b\u1ea3o r\u1eb1ng: \u0111\u1ed9i ng\u0169 nh\u00e2n s\u1ef1 c\u1ee7a ch\u00fang t\u00f4i lu\u00f4n \u0111\u1eb7t l\u1ee3i \u00edch kinh doanh c\u1ee7a qu\u00fd v\u1ecb l\u00ean h\u00e0ng \u0111\u1ea7u. M\u1ee5c ti\u00eau c\u1ee7a ch\u00fang t\u00f4i l\u00e0 gi\u00e0nh \u0111\u01b0\u1ee3c s\u1ef1 t\u00edn nhi\u1ec7m, s\u1ef1 tin t\u01b0\u1edfng v\u00e0 m\u1ed1i quan h\u1ec7 h\u1ee3p t\u00e1c d\u00e0i l\u00e2u gi\u1eefa Zamil Steel v\u00e0 kh\u00e1ch h\u00e0ng. R\u1ea5t mong \u0111\u01b0\u1ee3c h\u1ee3p t\u00e1c c\u00f9ng qu\u00fd v\u1ecb.<\/p><\/blockquote>[vc_column_text]<\/p>\n<p style=\"text-align: right;\"><strong><em>(Nh\u1eefng ng\u01b0\u1eddi th\u00e0nh l\u1eadp Zamil Steel)<\/em><\/strong><\/p>\n<p>[\/vc_column_text][vc_empty_space][vc_tta_tabs][vc_tta_section title=&#8221;Ch\u1ea5t l\u01b0\u1ee3ng&#8221; tab_id=&#8221;1467965875422-84083357-338b&#8221;][vc_column_text]<\/p>\n<p style=\"text-align: justify;\"><span style=\"color: #006bb6;\"><strong>\u21d2 \u00a0 NHANH<\/strong><\/span><\/p>\n<ul style=\"text-align: justify;\">\n<li>Ph\u1ea3n h\u1ed3i nhanh<\/li>\n<\/ul>\n<p style=\"padding-left: 30px; text-align: justify;\"><em>\u0110\u1ed1i v\u1edbi t\u1ea5t c\u1ea3 c\u00e1c y\u00eau c\u1ea7u c\u1ee7a kh\u00e1ch h\u00e0ng<\/em><\/p>\n<ul style=\"text-align: justify;\">\n<li>5 ng\u00e0y l\u00e0m vi\u1ec7c<\/li>\n<\/ul>\n<p style=\"padding-left: 30px; text-align: justify;\"><em>\u0110\u1ec3 cung c\u1ea5p b\u00e1o gi\u00e1 <\/em><\/p>\n<ul style=\"text-align: justify;\">\n<li>Th\u1eddi gian giao h\u00e0ng d\u01b0\u1edbi 8 tu\u1ea7n \u0111\u1ed1i v\u1edbi 95% c\u00f4ng tr\u00ecnh!<\/li>\n<\/ul>\n<p style=\"padding-left: 30px; text-align: justify;\"><em>Bao g\u1ed3m thi\u1ebft k\u1ebf chi ti\u1ebft b\u1ea3n v\u1ebd, ch\u1ebf t\u1ea1o v\u00e0 v\u1eadn chuy\u1ec3n t\u1eeb nh\u00e0 m\u00e1y<\/em><\/p>\n<p style=\"text-align: justify;\"><span style=\"color: #006bb6;\"><strong>\u21d2 \u00a0 LINH HO\u1ea0T<\/strong><\/span><\/p>\n<ul style=\"text-align: justify;\">\n<li>Thi\u1ebft k\u1ebf ri\u00eang<\/li>\n<\/ul>\n<p style=\"padding-left: 30px; text-align: justify;\"><em>Theo \u1ee9ng d\u1ee5ng c\u1ee5 th\u1ec3 c\u1ee7a c\u00f4ng tr\u00ecnh m\u00e0 kh\u00e1ch h\u00e0ng y\u00eau c\u1ea7u <\/em><\/p>\n<ul style=\"text-align: justify;\">\n<li>B\u1ea3n v\u1ebd t\u00f9y ch\u1ec9nh<\/li>\n<\/ul>\n<p style=\"padding-left: 30px; text-align: justify;\"><em>\u0110\u01b0\u1ee3c cung c\u1ea5p k\u00e8m b\u00e1o gi\u00e1 \u0111\u1ec3 \u0111\u1ea3m b\u1ea3o \u0111\u01a1n \u0111\u1eb7t h\u00e0ng \u0111\u01b0\u1ee3c x\u1eed l\u00fd ch\u00ednh x\u00e1c theo y\u00eau c\u1ea7u <\/em><\/p>\n<ul style=\"text-align: justify;\">\n<li>H\u1ec7 th\u1ed1ng gi\u00e1 c\u1ea1nh tranh<\/li>\n<\/ul>\n<p style=\"padding-left: 30px; text-align: justify;\"><em>V\u1edbi gi\u1ea3i ph\u00e1p x\u00e2y d\u1ef1ng b\u1ec1n v\u1eefng nh\u1ea5t, Zamil Steel \u0111em \u0111\u1ebfn m\u1ed9t gi\u1ea3i ph\u00e1p \u0111\u1ea7u t\u01b0 an to\u00e0n v\u00e0 \u00edt r\u1ee7i ro<\/em><\/p>\n<p style=\"text-align: justify;\"><span style=\"color: #006bb6;\"><strong>\u21d2 \u00a0 HI\u1ec6U QU\u1ea2<\/strong><\/span><\/p>\n<ul style=\"text-align: justify;\">\n<li>Quy chu\u1ea9n x\u00e2y d\u1ef1ng qu\u1ed1c t\u1ebf<\/li>\n<\/ul>\n<p style=\"padding-left: 30px; text-align: justify;\"><em>Ti\u00eau chu\u1ea9n Hoa K\u1ef3 (MBMA, IBC, ASCE, AISC, AISI, AWS), Anh (BS 5950, CP3), Australia\/New Zealand (AS 4100, AS\/NZS 1170.0 to 4), ch\u00e2u \u00c2u v\u00e0 c\u00e1c ti\u00eau chu\u1ea9n kh\u00e1c\u00a0<\/em><\/p>\n<ul style=\"text-align: justify;\">\n<li>Kh\u1ed1i l\u01b0\u1ee3ng thi\u1ebft k\u1ebf gi\u1ea3m \u0111\u1ebfn 30%<\/li>\n<\/ul>\n<p style=\"padding-left: 30px; text-align: justify;\"><em>V\u1edbi chuy\u00ean m\u00f4n c\u1ee7a Zamil Steel v\u1ec1 t\u00ednh to\u00e1n gi\u1edbi h\u1ea1n v\u00e0 thi\u1ebft k\u1ebf nh\u00e0 th\u00e9p.<\/em><\/p>\n<ul style=\"text-align: justify;\">\n<li>V\u1eadt li\u1ec7u\u00a0c\u01b0\u1eddng \u0111\u1ed9 cao<\/li>\n<\/ul>\n<p style=\"padding-left: 30px; text-align: justify;\"><em>C\u00f3 s\u1eb5n trong\u00a0kho c\u1ee7a Zamil Steel \u0111\u1ec3 gi\u1ea3m thi\u1ec3u th\u1eddi gian th\u1ef1c hi\u1ec7n\u00a0d\u1ef1 \u00e1n <\/em><\/p>\n<ul style=\"text-align: justify;\">\n<li>Ch\u1ee9ng nh\u1eadn ch\u1ea5t l\u01b0\u1ee3ng ISO: 9001:2008 cho t\u1ea5t c\u1ea3 c\u1ea5u ki\u1ec7n s\u1ea3n xu\u1ea5t t\u1ea1i nh\u00e0 m\u00e1y<\/li>\n<\/ul>\n<p style=\"padding-left: 30px; text-align: justify;\"><em>B\u1ed9 ph\u1eadn Qu\u1ea3n l\u00fd Ch\u1ea5t l\u01b0\u1ee3ng N\u1ed9i\u00a0 b\u1ed9 c\u1ee7a Zamil Steel \u0111\u1ea3m b\u1ea3o t\u1ea5t c\u1ea3 c\u00e1c c\u00f4ng tr\u00ecnh nh\u00e0 th\u00e9p \u0111\u01b0\u1ee3c s\u1ea3n xu\u1ea5t, ch\u1ebf t\u1ea1o theo ti\u00eau chu\u1ea9n v\u00e0 quy chu\u1ea9n qu\u1ed1c t\u1ebf m\u1ed9t c\u00e1ch nghi\u00eam ng\u1eb7t.<\/em><\/p>\n<p style=\"text-align: justify;\"><span style=\"color: #006bb6;\"><strong>\u21d2 \u00a0 GI\u1ea2I PH\u00c1P NH\u00c0 TH\u00c9P T\u1ed4NG TH\u1ec2 <\/strong><\/span><\/p>\n<ul style=\"text-align: justify;\">\n<li>M\u1ea1ng l\u01b0\u1edbi v\u0103n ph\u00f2ng b\u00e1n h\u00e0ng khu v\u1ef1c tr\u00ean to\u00e0n \u0110\u00f4ng Nam \u00c1<\/li>\n<\/ul>\n<p style=\"padding-left: 30px; text-align: justify;\"><em>\u0110\u01a1n \u0111\u1eb7t h\u00e0ng? Th\u01b0\u01a1ng l\u01b0\u1ee3ng gi\u00e1? Y\u00eau c\u1ea7u k\u1ef9 thu\u1eadt? H\u00e3y li\u00ean h\u1ec7 v\u1edbi ch\u00fang t\u00f4i! \u00a0<\/em><\/p>\n<ul style=\"text-align: justify;\">\n<li>Gi\u00e1m s\u00e1t\u00a0vi\u00ean l\u1eafp d\u1ef1ng d\u1ef1 \u00e1n<\/li>\n<\/ul>\n<p style=\"padding-left: 30px; text-align: justify;\"><em>Nh\u1eadn v\u1eadt li\u1ec7u t\u1ea1i c\u00f4ng tr\u01b0\u1eddng, gi\u00e1m s\u00e1t c\u00f4ng tr\u00ecnh v\u00e0 quy tr\u00ecnh l\u1eafp d\u1ef1ng t\u1ed5ng th\u1ec3, \u0111\u1ea3m b\u1ea3o nh\u00e0 \u00a0th\u00e9p \u0111\u01b0\u1ee3c l\u1eafp d\u1ef1ng theo ti\u00eau chu\u1ea9n ch\u1ea5t l\u01b0\u1ee3ng qu\u1ed1c t\u1ebf c\u1ee7a Zamil Steel. <\/em><\/p>\n<p style=\"text-align: justify;\"><span style=\"color: #006bb6;\"><strong>\u21d2 \u00a0 C\u00d3 M\u1eb6T KH\u1eaeP N\u01a0I TR\u00caN TH\u1ebe GI\u1edaI <\/strong><\/span><\/p>\n<ul style=\"text-align: justify;\">\n<li>Kinh nghi\u1ec7m to\u00e0n c\u1ea7u<\/li>\n<\/ul>\n<p style=\"padding-left: 30px; text-align: justify;\"><em>T\u1eeb n\u0103m 1977, v\u1edbi 65.000 nh\u00e0 th\u00e9p t\u1ea1i h\u01a1n 90 qu\u1ed1c gia <\/em><\/p>\n<ul style=\"text-align: justify;\">\n<li>60 v\u0103n ph\u00f2ng \u0111\u1ea1i di\u1ec7n t\u1ea1i 36 qu\u1ed1c gia tr\u00ean th\u1ebf gi\u1edbi<\/li>\n<\/ul>\n<p style=\"padding-left: 30px; text-align: justify;\"><em>Gi\u00fap vi\u1ec7c li\u00ean h\u1ec7 \u0111\u01b0\u1ee3c th\u00f4ng su\u1ed1t, thu\u1eadn ti\u1ec7n. <\/em><\/p>\n<p>[\/vc_column_text][\/vc_tta_section][vc_tta_section title=&#8221;Gi\u00e1 tr\u1ecb&#8221; tab_id=&#8221;1467965875544-63d3a564-8bf0&#8243;][vc_column_text]<\/p>\n<div id=\"attachment_24779\" style=\"width: 310px\" class=\"wp-caption alignright\"><img loading=\"lazy\" decoding=\"async\" aria-describedby=\"caption-attachment-24779\" class=\"wp-image-24779\" src=\"https:\/\/www.zamilsteel.com.vn\/wp-content\/uploads\/2025\/12\/Dong-Nai.jpg\" alt=\"\" width=\"300\" height=\"225\" srcset=\"https:\/\/www.zamilsteel.com.vn\/wp-content\/uploads\/2025\/12\/Dong-Nai.jpg 2268w, https:\/\/www.zamilsteel.com.vn\/wp-content\/uploads\/2025\/12\/Dong-Nai-768x576.jpg 768w, https:\/\/www.zamilsteel.com.vn\/wp-content\/uploads\/2025\/12\/Dong-Nai-1536x1152.jpg 1536w, https:\/\/www.zamilsteel.com.vn\/wp-content\/uploads\/2025\/12\/Dong-Nai-2048x1536.jpg 2048w, https:\/\/www.zamilsteel.com.vn\/wp-content\/uploads\/2025\/12\/Dong-Nai-370x278.jpg 370w, https:\/\/www.zamilsteel.com.vn\/wp-content\/uploads\/2025\/12\/Dong-Nai-1200x900.jpg 1200w, https:\/\/www.zamilsteel.com.vn\/wp-content\/uploads\/2025\/12\/Dong-Nai-360x270.jpg 360w\" sizes=\"auto, (max-width: 300px) 100vw, 300px\" \/><p id=\"caption-attachment-24779\" class=\"wp-caption-text\">Zamil Steel Vietnam&#8217;s Factory<\/p><\/div>\n<p style=\"text-align: justify;\"><strong>T\u1ea7m nh\u00ecn c\u1ee7a Zamil Steel Vi\u1ec7t Nam\u00a0<\/strong>l\u00e0 tr\u1edf th\u00e0nh nh\u00e0 s\u1ea3n xu\u1ea5t, cung c\u1ea5p d\u1ecbch v\u1ee5 v\u00e0 gi\u1ea3i ph\u00e1p s\u00e1ng t\u1ea1o v\u00e0 \u0111\u00e1ng tin c\u1eady nh\u1ea5t trong l\u0129nh v\u1ef1c nh\u00e0 th\u00e9p to\u00e0n c\u1ea7u.<\/p>\n<p style=\"text-align: justify;\">\u0110\u1ec3 th\u1ef1c hi\u1ec7n \u0111\u01b0\u1ee3c \u0111i\u1ec1u \u0111\u00f3, Zamil Steel Vi\u1ec7t Nam \u0111\u1ecbnh h\u01b0\u1edbng cung c\u1ea5p c\u00e1c s\u1ea3n ph\u1ea9m nh\u00e0 th\u00e9p ch\u1ea5t l\u01b0\u1ee3ng cao, c\u00f9ng v\u1edbi c\u00e1c d\u1ecbch v\u1ee5 v\u00e0 gi\u1ea3i ph\u00e1p v\u1ec1 th\u00e9p cho kh\u00e1ch h\u00e0ng tr\u00ean to\u00e0n th\u1ebf gi\u1edbi. \u00c1p d\u1ee5ng c\u00f4ng ngh\u1ec7 ti\u00ean ti\u1ebfn trong m\u1ed9t m\u00f4i tr\u01b0\u1eddng l\u00e0m vi\u1ec7c chuy\u00ean nghi\u1ec7p, li\u00ean t\u1ee5c \u0111\u1ed5i m\u1edbi, tu\u00e2n theo nh\u1eefng chu\u1ea9n m\u1ef1c cao nh\u1ea5t v\u1ec1 \u0111\u1ea1o \u0111\u1ee9c kinh doanh v\u00e0 tr\u00e1ch nhi\u1ec7m x\u00e3 h\u1ed9i, t\u1ea1o n\u00ean nhi\u1ec1u gi\u00e1 tr\u1ecb gia t\u0103ng cho kh\u00e1ch h\u00e0ng v\u00e0 duy tr\u00ec l\u1ee3i nhu\u1eadn \u0111\u1ea7u t\u01b0 b\u1ec1n v\u1eefng cho c\u00e1c c\u1ed5 \u0111\u00f4ng.<\/p>\n<p style=\"text-align: justify;\">V\u1edbi h\u01a1n 48 n\u0103m kinh nghi\u1ec7m trong ng\u00e0nh v\u00e0 s\u1ef1 nh\u1eadn th\u1ee9c m\u1ea1nh m\u1ebd v\u1ec1 s\u1ef1 t\u0103ng tr\u01b0\u1edfng kinh t\u1ebf trong khu v\u1ef1c, Zamil Steel c\u00f3 m\u1eb7t t\u1ea1i Vi\u1ec7t Nam v\u00e0o n\u0103m 1993 v\u00e0 hi\u1ec7n nay \u0111\u00e3 tr\u1edf th\u00e0nh \u0111\u01a1n v\u1ecb \u0111i \u0111\u1ea7u trong ng\u00e0nh s\u1ea3n xu\u1ea5t Nh\u00e0 th\u00e9p trong khu v\u1ef1c Ch\u00e2u \u00c1 Th\u00e1i B\u00ecnh D\u01b0\u01a1ng. \u0110\u1ed9i ng\u0169 chuy\u00ean gia qu\u1ed1c t\u1ebf c\u1ee7a ch\u00fang t\u00f4i lu\u00f4n s\u1eb5n s\u00e0ng \u0111\u00e1p \u1ee9ng t\u1ea5t c\u1ea3 c\u00e1c y\u00eau c\u1ea7u v\u1ec1 nh\u00e0 th\u00e9p c\u1ee7a qu\u00fd v\u1ecb.<\/p>\n<p>[\/vc_column_text][\/vc_tta_section][vc_tta_section title=&#8221;Ch\u1ee9ng nh\u1eadn &amp; Gi\u1ea3i th\u01b0\u1edfng&#8221; tab_id=&#8221;1470134105455-e224e51b-2925&#8243;][vc_empty_space height=&#8221;42px&#8221;][vc_row_inner][vc_column_inner width=&#8221;1\/4&#8243;][vc_column_text]<\/p>\n<p style=\"text-align: center;\"><a href=\"https:\/\/www.zamilsteel.com.vn\/wp-content\/uploads\/2026\/03\/ISO-9001-17-03-2026.jpg\"><img loading=\"lazy\" decoding=\"async\" class=\"alignnone wp-image-25089\" src=\"https:\/\/www.zamilsteel.com.vn\/wp-content\/uploads\/2026\/03\/ISO-9001-17-03-2026.jpg\" alt=\"\" width=\"211\" height=\"298\" srcset=\"https:\/\/www.zamilsteel.com.vn\/wp-content\/uploads\/2026\/03\/ISO-9001-17-03-2026.jpg 1810w, https:\/\/www.zamilsteel.com.vn\/wp-content\/uploads\/2026\/03\/ISO-9001-17-03-2026-768x1086.jpg 768w, https:\/\/www.zamilsteel.com.vn\/wp-content\/uploads\/2026\/03\/ISO-9001-17-03-2026-1086x1536.jpg 1086w, https:\/\/www.zamilsteel.com.vn\/wp-content\/uploads\/2026\/03\/ISO-9001-17-03-2026-1448x2048.jpg 1448w, https:\/\/www.zamilsteel.com.vn\/wp-content\/uploads\/2026\/03\/ISO-9001-17-03-2026-255x360.jpg 255w, https:\/\/www.zamilsteel.com.vn\/wp-content\/uploads\/2026\/03\/ISO-9001-17-03-2026-1200x1697.jpg 1200w, https:\/\/www.zamilsteel.com.vn\/wp-content\/uploads\/2026\/03\/ISO-9001-17-03-2026-360x509.jpg 360w\" sizes=\"auto, (max-width: 211px) 100vw, 211px\" \/><\/a><\/p>\n<p style=\"text-align: center;\"><strong>Ch\u1ee9ng ch\u1ec9 ISO 9001:2015<\/strong><\/p>\n<p>[\/vc_column_text][vc_empty_space][\/vc_column_inner][vc_column_inner width=&#8221;1\/4&#8243;][vc_column_text]<\/p>\n<p style=\"text-align: center;\"><a href=\"https:\/\/www.zamilsteel.com.vn\/wp-content\/uploads\/2025\/12\/ISO-14001-new.jpg\"><img loading=\"lazy\" decoding=\"async\" class=\"alignnone wp-image-24784\" src=\"https:\/\/www.zamilsteel.com.vn\/wp-content\/uploads\/2025\/12\/ISO-14001-new.jpg\" alt=\"\" width=\"212\" height=\"300\" srcset=\"https:\/\/www.zamilsteel.com.vn\/wp-content\/uploads\/2025\/12\/ISO-14001-new.jpg 1810w, https:\/\/www.zamilsteel.com.vn\/wp-content\/uploads\/2025\/12\/ISO-14001-new-768x1086.jpg 768w, https:\/\/www.zamilsteel.com.vn\/wp-content\/uploads\/2025\/12\/ISO-14001-new-1086x1536.jpg 1086w, https:\/\/www.zamilsteel.com.vn\/wp-content\/uploads\/2025\/12\/ISO-14001-new-1448x2048.jpg 1448w, https:\/\/www.zamilsteel.com.vn\/wp-content\/uploads\/2025\/12\/ISO-14001-new-255x360.jpg 255w, https:\/\/www.zamilsteel.com.vn\/wp-content\/uploads\/2025\/12\/ISO-14001-new-1200x1697.jpg 1200w, https:\/\/www.zamilsteel.com.vn\/wp-content\/uploads\/2025\/12\/ISO-14001-new-360x509.jpg 360w\" sizes=\"auto, (max-width: 212px) 100vw, 212px\" \/><\/a><\/p>\n<p style=\"text-align: center;\"><strong>Ch\u1ee9ng ch\u1ec9 ISO 14001:2015<\/strong><\/p>\n<p>[\/vc_column_text][vc_empty_space][\/vc_column_inner][vc_column_inner width=&#8221;1\/4&#8243;][vc_column_text]<\/p>\n<p style=\"text-align: center;\"><a href=\"https:\/\/www.zamilsteel.com.vn\/wp-content\/uploads\/2026\/03\/ISO-45001-2018-17-03-2026.jpg\"><img loading=\"lazy\" decoding=\"async\" class=\"alignnone wp-image-25093\" src=\"https:\/\/www.zamilsteel.com.vn\/wp-content\/uploads\/2026\/03\/ISO-45001-2018-17-03-2026.jpg\" alt=\"\" width=\"211\" height=\"298\" srcset=\"https:\/\/www.zamilsteel.com.vn\/wp-content\/uploads\/2026\/03\/ISO-45001-2018-17-03-2026.jpg 1810w, https:\/\/www.zamilsteel.com.vn\/wp-content\/uploads\/2026\/03\/ISO-45001-2018-17-03-2026-768x1086.jpg 768w, https:\/\/www.zamilsteel.com.vn\/wp-content\/uploads\/2026\/03\/ISO-45001-2018-17-03-2026-1086x1536.jpg 1086w, https:\/\/www.zamilsteel.com.vn\/wp-content\/uploads\/2026\/03\/ISO-45001-2018-17-03-2026-1448x2048.jpg 1448w, https:\/\/www.zamilsteel.com.vn\/wp-content\/uploads\/2026\/03\/ISO-45001-2018-17-03-2026-255x360.jpg 255w, https:\/\/www.zamilsteel.com.vn\/wp-content\/uploads\/2026\/03\/ISO-45001-2018-17-03-2026-1200x1697.jpg 1200w, https:\/\/www.zamilsteel.com.vn\/wp-content\/uploads\/2026\/03\/ISO-45001-2018-17-03-2026-360x509.jpg 360w\" sizes=\"auto, (max-width: 211px) 100vw, 211px\" \/><\/a><\/p>\n<p style=\"text-align: center;\"><strong>Ch\u1ee9ng ch\u1ec9 ISO 45001:2018<\/strong><\/p>\n<p>[\/vc_column_text][vc_empty_space][\/vc_column_inner][vc_column_inner width=&#8221;1\/4&#8243;][vc_column_text]<\/p>\n<p style=\"text-align: center;\"><strong><a href=\"https:\/\/zamilsteel.com.vn\/wp-content\/uploads\/2024\/06\/Untitled-1.png\"><img loading=\"lazy\" decoding=\"async\" class=\"alignnone wp-image-23499\" src=\"https:\/\/zamilsteel.com.vn\/wp-content\/uploads\/2024\/06\/Untitled-1.png\" alt=\"\" width=\"212\" height=\"298\" srcset=\"https:\/\/www.zamilsteel.com.vn\/wp-content\/uploads\/2024\/06\/Untitled-1.png 737w, https:\/\/www.zamilsteel.com.vn\/wp-content\/uploads\/2024\/06\/Untitled-1-256x360.png 256w, https:\/\/www.zamilsteel.com.vn\/wp-content\/uploads\/2024\/06\/Untitled-1-360x507.png 360w\" sizes=\"auto, (max-width: 212px) 100vw, 212px\" \/><\/a><\/strong><\/p>\n<p style=\"text-align: center;\"><strong>Ch\u1ee9ng ch\u1ec9 ISO 3834 &#8211; 2:2021<\/strong><\/p>\n<p>[\/vc_column_text][\/vc_column_inner][vc_column_inner][vc_empty_space][\/vc_column_inner][\/vc_row_inner][vc_empty_space][vc_row_inner][vc_column_inner width=&#8221;1\/4&#8243;][vc_column_text]<\/p>\n<p style=\"text-align: center;\"><a href=\"https:\/\/www.zamilsteel.com.vn\/wp-content\/uploads\/2026\/04\/Zamil-AS-NZS-5131-Certification-scaled.jpg\"><img loading=\"lazy\" decoding=\"async\" class=\"alignnone wp-image-25130\" src=\"https:\/\/www.zamilsteel.com.vn\/wp-content\/uploads\/2026\/04\/Zamil-AS-NZS-5131-Certification-scaled.jpg\" alt=\"\" width=\"232\" height=\"300\" srcset=\"https:\/\/www.zamilsteel.com.vn\/wp-content\/uploads\/2026\/04\/Zamil-AS-NZS-5131-Certification-scaled.jpg 1978w, https:\/\/www.zamilsteel.com.vn\/wp-content\/uploads\/2026\/04\/Zamil-AS-NZS-5131-Certification-768x994.jpg 768w, https:\/\/www.zamilsteel.com.vn\/wp-content\/uploads\/2026\/04\/Zamil-AS-NZS-5131-Certification-1187x1536.jpg 1187w, https:\/\/www.zamilsteel.com.vn\/wp-content\/uploads\/2026\/04\/Zamil-AS-NZS-5131-Certification-1583x2048.jpg 1583w, https:\/\/www.zamilsteel.com.vn\/wp-content\/uploads\/2026\/04\/Zamil-AS-NZS-5131-Certification-278x360.jpg 278w, https:\/\/www.zamilsteel.com.vn\/wp-content\/uploads\/2026\/04\/Zamil-AS-NZS-5131-Certification-1200x1553.jpg 1200w, https:\/\/www.zamilsteel.com.vn\/wp-content\/uploads\/2026\/04\/Zamil-AS-NZS-5131-Certification-360x466.jpg 360w\" sizes=\"auto, (max-width: 232px) 100vw, 232px\" \/><\/a><\/p>\n<p style=\"text-align: center;\"><strong>Ch\u1ee9ng ch\u1ec9 AS\/NZS 5131:2016<\/strong><\/p>\n<p>[\/vc_column_text][vc_empty_space][\/vc_column_inner][vc_column_inner width=&#8221;1\/4&#8243;][vc_column_text]<\/p>\n<p style=\"text-align: center;\"><a href=\"https:\/\/www.zamilsteel.com.vn\/wp-content\/uploads\/2026\/01\/3fa451c4992f16714f3e.jpg\"><img loading=\"lazy\" decoding=\"async\" class=\"alignnone wp-image-24974\" src=\"https:\/\/www.zamilsteel.com.vn\/wp-content\/uploads\/2026\/01\/3fa451c4992f16714f3e.jpg\" alt=\"\" width=\"212\" height=\"300\" srcset=\"https:\/\/www.zamilsteel.com.vn\/wp-content\/uploads\/2026\/01\/3fa451c4992f16714f3e.jpg 1810w, https:\/\/www.zamilsteel.com.vn\/wp-content\/uploads\/2026\/01\/3fa451c4992f16714f3e-768x1086.jpg 768w, https:\/\/www.zamilsteel.com.vn\/wp-content\/uploads\/2026\/01\/3fa451c4992f16714f3e-1086x1536.jpg 1086w, https:\/\/www.zamilsteel.com.vn\/wp-content\/uploads\/2026\/01\/3fa451c4992f16714f3e-1448x2048.jpg 1448w, https:\/\/www.zamilsteel.com.vn\/wp-content\/uploads\/2026\/01\/3fa451c4992f16714f3e-255x360.jpg 255w, https:\/\/www.zamilsteel.com.vn\/wp-content\/uploads\/2026\/01\/3fa451c4992f16714f3e-1200x1697.jpg 1200w, https:\/\/www.zamilsteel.com.vn\/wp-content\/uploads\/2026\/01\/3fa451c4992f16714f3e-360x509.jpg 360w\" sizes=\"auto, (max-width: 212px) 100vw, 212px\" \/><\/a><\/p>\n<p style=\"text-align: center;\"><strong>Ch\u1ee9ng ch\u1ec9 CIDB<\/strong><\/p>\n<p>[\/vc_column_text][\/vc_column_inner][vc_column_inner width=&#8221;1\/4&#8243;][vc_column_text]<\/p>\n<p style=\"text-align: center;\"><a href=\"https:\/\/www.zamilsteel.com.vn\/wp-content\/uploads\/2026\/01\/AISC-Certificate_Valid-28-Feb-2027-1.jpg\"><img loading=\"lazy\" decoding=\"async\" class=\"alignnone wp-image-25003\" src=\"https:\/\/www.zamilsteel.com.vn\/wp-content\/uploads\/2026\/01\/AISC-Certificate_Valid-28-Feb-2027-1.jpg\" alt=\"\" width=\"212\" height=\"274\" srcset=\"https:\/\/www.zamilsteel.com.vn\/wp-content\/uploads\/2026\/01\/AISC-Certificate_Valid-28-Feb-2027-1.jpg 1700w, https:\/\/www.zamilsteel.com.vn\/wp-content\/uploads\/2026\/01\/AISC-Certificate_Valid-28-Feb-2027-1-768x994.jpg 768w, https:\/\/www.zamilsteel.com.vn\/wp-content\/uploads\/2026\/01\/AISC-Certificate_Valid-28-Feb-2027-1-1187x1536.jpg 1187w, https:\/\/www.zamilsteel.com.vn\/wp-content\/uploads\/2026\/01\/AISC-Certificate_Valid-28-Feb-2027-1-1583x2048.jpg 1583w, https:\/\/www.zamilsteel.com.vn\/wp-content\/uploads\/2026\/01\/AISC-Certificate_Valid-28-Feb-2027-1-278x360.jpg 278w, https:\/\/www.zamilsteel.com.vn\/wp-content\/uploads\/2026\/01\/AISC-Certificate_Valid-28-Feb-2027-1-1200x1553.jpg 1200w, https:\/\/www.zamilsteel.com.vn\/wp-content\/uploads\/2026\/01\/AISC-Certificate_Valid-28-Feb-2027-1-360x466.jpg 360w\" sizes=\"auto, (max-width: 212px) 100vw, 212px\" \/><\/a><\/p>\n<p>&nbsp;<\/p>\n<p style=\"text-align: center;\"><strong>Ch\u1ee9ng ch\u1ec9 AISC<\/strong><\/p>\n<p>[\/vc_column_text][vc_empty_space][\/vc_column_inner][vc_column_inner width=&#8221;1\/4&#8243;][vc_column_text]<\/p>\n<p style=\"text-align: center;\"><a href=\"https:\/\/zamilsteel.com.vn\/wp-content\/uploads\/2025\/02\/2575_1090_ZAMIL-STEEL_ENG_REV0-signed_Page_1.jpg\"><img loading=\"lazy\" decoding=\"async\" class=\"alignnone wp-image-24236\" src=\"https:\/\/zamilsteel.com.vn\/wp-content\/uploads\/2025\/02\/2575_1090_ZAMIL-STEEL_ENG_REV0-signed_Page_1.jpg\" alt=\"\" width=\"212\" height=\"300\" srcset=\"https:\/\/www.zamilsteel.com.vn\/wp-content\/uploads\/2025\/02\/2575_1090_ZAMIL-STEEL_ENG_REV0-signed_Page_1.jpg 1654w, https:\/\/www.zamilsteel.com.vn\/wp-content\/uploads\/2025\/02\/2575_1090_ZAMIL-STEEL_ENG_REV0-signed_Page_1-768x1086.jpg 768w, https:\/\/www.zamilsteel.com.vn\/wp-content\/uploads\/2025\/02\/2575_1090_ZAMIL-STEEL_ENG_REV0-signed_Page_1-1086x1536.jpg 1086w, https:\/\/www.zamilsteel.com.vn\/wp-content\/uploads\/2025\/02\/2575_1090_ZAMIL-STEEL_ENG_REV0-signed_Page_1-1448x2048.jpg 1448w, https:\/\/www.zamilsteel.com.vn\/wp-content\/uploads\/2025\/02\/2575_1090_ZAMIL-STEEL_ENG_REV0-signed_Page_1-255x360.jpg 255w, https:\/\/www.zamilsteel.com.vn\/wp-content\/uploads\/2025\/02\/2575_1090_ZAMIL-STEEL_ENG_REV0-signed_Page_1-1200x1697.jpg 1200w, https:\/\/www.zamilsteel.com.vn\/wp-content\/uploads\/2025\/02\/2575_1090_ZAMIL-STEEL_ENG_REV0-signed_Page_1-360x509.jpg 360w\" sizes=\"auto, (max-width: 212px) 100vw, 212px\" \/><\/a><\/p>\n<p style=\"text-align: center;\"><strong>Ch\u1ee9ng nh\u1eadn CE Marking<\/strong><\/p>\n<p>[\/vc_column_text][\/vc_column_inner][\/vc_row_inner][vc_empty_space height=&#8221;42px&#8221;][\/vc_tta_section][\/vc_tta_tabs][\/vc_column][\/vc_row]<\/p>\n","protected":false},"excerpt":{"rendered":"<p>[vc_row el_class=&#8221;page-detail&#8221;][vc_column][vc_custom_heading text=&#8221;Ti\u00eau Chu\u1ea9n Zamil Steel&#8221; el_class=&#8221;my-custom-title&#8221;][vc_empty_space][vc_column_text] (Nh\u1eefng ng\u01b0\u1eddi th\u00e0nh l\u1eadp Zamil Steel) [\/vc_column_text][vc_empty_space][vc_tta_tabs][vc_tta_section title=&#8221;Ch\u1ea5t l\u01b0\u1ee3ng&#8221; tab_id=&#8221;1467965875422-84083357-338b&#8221;][vc_column_text] \u21d2 \u00a0 NHANH Ph\u1ea3n h\u1ed3i nhanh \u0110\u1ed1i v\u1edbi t\u1ea5t c\u1ea3 c\u00e1c y\u00eau c\u1ea7u c\u1ee7a kh\u00e1ch h\u00e0ng 5 ng\u00e0y l\u00e0m vi\u1ec7c \u0110\u1ec3 cung c\u1ea5p&#8230;<\/p>\n","protected":false},"author":1,"featured_media":0,"parent":0,"menu_order":0,"comment_status":"closed","ping_status":"closed","template":"","meta":{"footnotes":""},"yst_prominent_words":[318,321,320,314,316,327,312,322,326,324,288,319,317,313,323,325,185,315,287],"class_list":["post-1919","page","type-page","status-publish","hentry"],"_links":{"self":[{"href":"https:\/\/www.zamilsteel.com.vn\/vi\/wp-json\/wp\/v2\/pages\/1919","targetHints":{"allow":["GET"]}}],"collection":[{"href":"https:\/\/www.zamilsteel.com.vn\/vi\/wp-json\/wp\/v2\/pages"}],"about":[{"href":"https:\/\/www.zamilsteel.com.vn\/vi\/wp-json\/wp\/v2\/types\/page"}],"author":[{"embeddable":true,"href":"https:\/\/www.zamilsteel.com.vn\/vi\/wp-json\/wp\/v2\/users\/1"}],"replies":[{"embeddable":true,"href":"https:\/\/www.zamilsteel.com.vn\/vi\/wp-json\/wp\/v2\/comments?post=1919"}],"version-history":[{"count":7,"href":"https:\/\/www.zamilsteel.com.vn\/vi\/wp-json\/wp\/v2\/pages\/1919\/revisions"}],"predecessor-version":[{"id":25132,"href":"https:\/\/www.zamilsteel.com.vn\/vi\/wp-json\/wp\/v2\/pages\/1919\/revisions\/25132"}],"wp:attachment":[{"href":"https:\/\/www.zamilsteel.com.vn\/vi\/wp-json\/wp\/v2\/media?parent=1919"}],"wp:term":[{"taxonomy":"yst_prominent_words","embeddable":true,"href":"https:\/\/www.zamilsteel.com.vn\/vi\/wp-json\/wp\/v2\/yst_prominent_words?post=1919"}],"curies":[{"name":"wp","href":"https:\/\/api.w.org\/{rel}","templated":true}]}}